{"id":39,"date":"2017-12-12T20:24:08","date_gmt":"2017-12-12T20:24:08","guid":{"rendered":"https:\/\/ligue-iteka.bi\/wordpress\/?page_id=39"},"modified":"2018-01-15T07:20:05","modified_gmt":"2018-01-15T07:20:05","slug":"directeur-executif","status":"publish","type":"page","link":"https:\/\/ligue-iteka.bi\/index.php\/administration\/directeur-executif\/","title":{"rendered":"Directeur ex\u00e9cutif"},"content":{"rendered":"<p>Sous la supervision du Pr\u00e9sident de la Ligue ITEKA, le Directeur Ex\u00e9cutif\u00a0\u00a0 aura pour t\u00e2ches de :<\/p>\n<p><strong><em>\u00a0En mati\u00e8re d\u2019organisation:<\/em><\/strong><\/p>\n<ul>\n<li>assurer la gestion du Secr\u00e9tariat Ex\u00e9cutif de la Ligue en accord avec la politique g\u00e9n\u00e9rale et les r\u00e8glements r\u00e9gissant ses activit\u00e9s\u00a0;<\/li>\n<li>proposer au Comit\u00e9 Ex\u00e9cutif toute modification \u00e0 apporter au Secr\u00e9tariat Ex\u00e9cutif ;<\/li>\n<li>collaborer avec les institutions nationales et internationales, bailleurs de fonds y compris, pouvant aider \u00e0 la r\u00e9alisation des objectifs de la Ligue, toutefois, les contrats de partenariat seront sign\u00e9s par le Repr\u00e9sentant L\u00e9gal.<\/li>\n<li>superviser la mise en application des proc\u00e9dures administratives d\u00e9velopp\u00e9es dans le Manuel des proc\u00e9dures administratives et financi\u00e8res<\/li>\n<li>s\u2019assurer de l\u2019ex\u00e9cution de toutes les activit\u00e9s en vue d\u2019atteindre les objectifs fix\u00e9s\u00a0;<\/li>\n<li>participer \u00e0 la pr\u00e9paration des plans strat\u00e9gique et op\u00e9rationnels et \u00e0 leur mise en \u0153uvre;<\/li>\n<li>coordonner et faciliter l\u2019\u00e9change d\u2019informations entre tous les niveaux\u00a0: Bailleurs, consultants, membres du Comit\u00e9 Ex\u00e9cutif et tous les partenaires impliqu\u00e9s dans le processus de planification de la Ligue.<\/li>\n<\/ul>\n<p><strong><em>En mati\u00e8re de gestion financi\u00e8re\u00a0:<\/em><\/strong><\/p>\n<ul>\n<li>pr\u00e9senter les budgets pr\u00e9visionnels, les comptes annuels de la Ligue, y compris l\u2019\u00e9tat d\u2019avancement des activit\u00e9s ainsi que le rapport annuel;<\/li>\n<li>cog\u00e9rer les comptes de la Ligue ouverts dans les institutions financi\u00e8res de la place\u00a0;<\/li>\n<li>approuver avec le Responsable Administratif et Financier et le responsable des programmes les bons de commande de biens et services\u00a0;<\/li>\n<li>superviser la mise en \u0153uvre des proc\u00e9dures administratives, comptables et financi\u00e8res telles que consign\u00e9es Manuel des proc\u00e9dures administratives et financi\u00e8res.<\/li>\n<li>En l\u2019absence du RAF, le Directeur Ex\u00e9cutif peut exceptionnellement remplir les missions d\u00e9volues au RAF.<\/li>\n<\/ul>\n<p><strong><em>\u00a0En mati\u00e8re de gestion du personnel:<\/em><\/strong><\/p>\n<ul>\n<li>veiller \u00e0 l\u2019application stricte des proc\u00e9dures en mati\u00e8re de gestion des ressources humaines telles que d\u00e9velopp\u00e9es dans le Manuel des proc\u00e9dures administratives et financi\u00e8res;<\/li>\n<li>assurer le suivi de toutes les activit\u00e9s de la permanence\u00a0;<\/li>\n<li>appliquer les lois et r\u00e8glements \u00e9nonc\u00e9s dans les manuels, directives, circulaires et m\u00e9moires relatifs \u00e0 la gestion du personnel\u00a0;<\/li>\n<li>signer les \u00e9tats de salaires\u00a0;<\/li>\n<li>informer le personnel de toutes les conditions de travail\u00a0;<\/li>\n<\/ul>\n<p><strong><em>En mati\u00e8re de production de rapport\u00a0:<\/em><\/strong><\/p>\n<ul>\n<li>superviser la production des rapports financiers et d\u2019activit\u00e9s selon la p\u00e9riodicit\u00e9 pr\u00e9vue Manuel des proc\u00e9dures administratives et financi\u00e8res et les conventions de financement\u00a0;<\/li>\n<li>produire les rapports \u00e0 temps; contr\u00f4ler et approuver les rapports financiers et d\u2019activit\u00e9s avant leur soumission au Comit\u00e9 Ex\u00e9cutif et aux bailleurs de fonds<\/li>\n<\/ul>\n<p><strong>\u00a0Les conditions exig\u00e9es sont\u00a0:<\/strong><\/p>\n<p>&#8211;\u00a0\u00a0\u00a0\u00a0\u00a0\u00a0\u00a0\u00a0\u00a0 avoir\u00a0 au minimum un dipl\u00f4me de licence<\/p>\n<p>&#8211;\u00a0\u00a0\u00a0\u00a0\u00a0\u00a0\u00a0\u00a0\u00a0 avoir\u00a0 occup\u00e9 un poste de responsabilit\u00e9 dans une institution publique, une ONG, une ASBL au moins pendant cinq ans;<\/p>\n<p>&#8211;\u00a0\u00a0\u00a0\u00a0\u00a0\u00a0\u00a0\u00a0\u00a0 avoir des fortes capacit\u00e9s de gestion et de communication<\/p>\n<p>&#8211;\u00a0\u00a0\u00a0\u00a0\u00a0\u00a0\u00a0\u00a0\u00a0 avoir des connaissances av\u00e9r\u00e9es en mati\u00e8re des droits de l\u2019homme, le plaidoyer, le suivi des politiques publiques, \u00a0la planification strat\u00e9gique et op\u00e9rationnelle, l\u2019\u00e9laboration, le suivi-\u00e9valuation des projets et le fundrising<\/p>\n<p>&#8211;\u00a0\u00a0\u00a0\u00a0\u00a0\u00a0\u00a0\u00a0\u00a0 avoir un permis de conduire au moins la cat\u00e9gorie B,<\/p>\n<p>&#8211;\u00a0\u00a0\u00a0\u00a0\u00a0\u00a0\u00a0\u00a0\u00a0 maitriser l\u2019outil informatique\u00a0: Word, Excel et PowerPoint<\/p>\n<p>&#8211;\u00a0\u00a0\u00a0\u00a0\u00a0\u00a0\u00a0\u00a0\u00a0 la connaissance de l\u2019anglais constitue en avantage.<\/p>\n","protected":false},"excerpt":{"rendered":"<p>Sous la supervision du Pr\u00e9sident de la Ligue ITEKA, le Directeur Ex\u00e9cutif\u00a0\u00a0 aura pour t\u00e2ches de : \u00a0En mati\u00e8re d\u2019organisation: assurer la gestion du Secr\u00e9tariat Ex\u00e9cutif de la Ligue en accord avec la politique g\u00e9n\u00e9rale et les r\u00e8glements r\u00e9gissant ses <a class=\"more-link\" href=\"https:\/\/ligue-iteka.bi\/index.php\/administration\/directeur-executif\/\">Continuer la lecture <span class=\"screen-reader-text\">  Directeur ex\u00e9cutif<\/span><span class=\"meta-nav\">&rarr;<\/span><\/a><\/p>\n","protected":false},"author":1,"featured_media":0,"parent":15,"menu_order":0,"comment_status":"closed","ping_status":"closed","template":"","meta":{"om_disable_all_campaigns":false,"footnotes":""},"class_list":["post-39","page","type-page","status-publish","hentry"],"_links":{"self":[{"href":"https:\/\/ligue-iteka.bi\/index.php\/wp-json\/wp\/v2\/pages\/39","targetHints":{"allow":["GET"]}}],"collection":[{"href":"https:\/\/ligue-iteka.bi\/index.php\/wp-json\/wp\/v2\/pages"}],"about":[{"href":"https:\/\/ligue-iteka.bi\/index.php\/wp-json\/wp\/v2\/types\/page"}],"author":[{"embeddable":true,"href":"https:\/\/ligue-iteka.bi\/index.php\/wp-json\/wp\/v2\/users\/1"}],"replies":[{"embeddable":true,"href":"https:\/\/ligue-iteka.bi\/index.php\/wp-json\/wp\/v2\/comments?post=39"}],"version-history":[{"count":2,"href":"https:\/\/ligue-iteka.bi\/index.php\/wp-json\/wp\/v2\/pages\/39\/revisions"}],"predecessor-version":[{"id":661,"href":"https:\/\/ligue-iteka.bi\/index.php\/wp-json\/wp\/v2\/pages\/39\/revisions\/661"}],"up":[{"embeddable":true,"href":"https:\/\/ligue-iteka.bi\/index.php\/wp-json\/wp\/v2\/pages\/15"}],"wp:attachment":[{"href":"https:\/\/ligue-iteka.bi\/index.php\/wp-json\/wp\/v2\/media?parent=39"}],"curies":[{"name":"wp","href":"https:\/\/api.w.org\/{rel}","templated":true}]}}