{"id":29,"date":"2017-12-12T20:21:29","date_gmt":"2017-12-12T20:21:29","guid":{"rendered":"https:\/\/ligue-iteka.bi\/wordpress\/?page_id=29"},"modified":"2018-01-15T07:24:59","modified_gmt":"2018-01-15T07:24:59","slug":"assemblee-generale","status":"publish","type":"page","link":"https:\/\/ligue-iteka.bi\/index.php\/organes\/assemblee-generale\/","title":{"rendered":"Assembl\u00e9e g\u00e9n\u00e9rale"},"content":{"rendered":"<p align=\"center\"><strong>De l\u2019Assembl\u00e9e G\u00e9n\u00e9rale<\/strong><\/p>\n<p><strong>Article 11\u00a0:<\/strong><\/p>\n<p>Les r\u00e9unions de l\u2019Assembl\u00e9e g\u00e9n\u00e9rale des membres de la Ligue sont pr\u00e9sid\u00e9es par le bureau compos\u00e9 du Pr\u00e9sident, du Vice-Pr\u00e9sident et du Secr\u00e9taire G\u00e9n\u00e9ral. Le bureau de l\u2019Assembl\u00e9e G\u00e9n\u00e9rale se choisit le rapporteur. Le bureau de l\u2019Assembl\u00e9e g\u00e9n\u00e9rale ne peut toutes fois \u00eatre compos\u00e9 d\u2019un membre qui est personnellement concern\u00e9 par un ou plusieurs points inscrits \u00e0 l\u2019ordre du jour, notamment dans le cas de la candidature \u00e0 l\u2019\u00e9lection aux de la ligue ou de proposition de sanction discipline.<\/p>\n<p><strong>Article 12\u00a0:<\/strong><\/p>\n<p>Au d\u00e9but de chaque r\u00e9union, l\u2019Assembl\u00e9e G\u00e9n\u00e9rale, parle biais de son bureau, proc\u00e8de \u00e0 la v\u00e9rification de ses pouvoirs. Celle-ci s\u2019op\u00e8re par le recensement des membres pr\u00e9sents \u00e0 l\u2019aide d\u2019une liste comportant le nom et la signature de chacun d\u2019eux.<\/p>\n<p><strong>Article 13\u00a0:<\/strong><\/p>\n<p>Apr\u00e8s v\u00e9rification de ses pouvoirs, l\u2019Assembl\u00e9e g\u00e9n\u00e9rale d\u00e9lib\u00e8re sur les questions inscrites \u00e0 l\u2019ordre du jour par le Comit\u00e9 Ex\u00e9cutif. L\u2019Assembl\u00e9e g\u00e9n\u00e9rale peut d\u00e9cider d\u2019inscrire \u00e0 son ordre du jour toute question propos\u00e9e par un membre.<\/p>\n<p><strong>Article 14\u00a0:<\/strong><\/p>\n<p>Dans les Assembl\u00e9es g\u00e9n\u00e9rales, l\u2019\u00e9lection totale ou partielle aux organes de la Ligue, la suspension et l\u2019exclusion d\u2019un membre du Comit\u00e9 Ex\u00e9cutif, du Conseil de surveillance ou du haut conseil de surveillance de la Ligue s\u2019op\u00e8rent au scrutin secret. Les autres d\u00e9cisions peuvent se prendre par vote \u00e0 main lev\u00e9e ou par consensus.<\/p>\n<p><strong>Article 15\u00a0:<\/strong><\/p>\n<p>Un membre peut voter par procuration. Pour \u00eatre valable, toute procuration doit \u00eatre \u00e9crite et pr\u00e9alablement pr\u00e9sent\u00e9e au bureau de l\u2019Assembl\u00e9e g\u00e9n\u00e9rale qui en v\u00e9rifie la r\u00e9gularit\u00e9 quant au fond et \u00e0 la forme. La procuration doit \u00e9maner d\u2019une personne membre de la ligue. Elle doit sp\u00e9cifier le mandat et du mandataire et l\u2019objet pr\u00e9cis du mandat. Aucune personne ne peut \u00eatre porteuse de plus de deux procurations.<\/p>\n<p><strong>Article 16\u00a0:<\/strong><\/p>\n<p>Trois mois avant la fin de son mandat, le Comit\u00e9 Ex\u00e9cutif met en place une commission \u00e9lectorale charg\u00e9e d\u2019organiser les scrutins de fa\u00e7on \u00e0 ce qu\u2019ils soient libres et transparents et se d\u00e9roulent au terme du mandat. La composition de la commission \u00e9lectorale est communiqu\u00e9e \u00e0 tous les membres de la ligue \u00e0 travers une correspondance du Pr\u00e9sident de la Ligue \u00e0 tous les Pr\u00e9sidents des f\u00e9d\u00e9rations provinciales et des sections et aux membres du conseil de surveillance.<\/p>\n<p><strong>Article 17\u00a0:<\/strong><\/p>\n<p>La commission \u00e9lectorale comprend cinq membres\u00a0: un Pr\u00e9sident, un Vice-Pr\u00e9sident, un Secr\u00e9taire et deux membres. Elle doit \u00eatre compos\u00e9e de fa\u00e7on \u00e0 refl\u00e9ter l\u2019\u00e9quilibre ethnique et garantir le mieux possible la repr\u00e9sentation entre l\u2019homme et la femme.<\/p>\n<p><strong>Article 18\u00a0:<\/strong><\/p>\n<p>La commission \u00e9lectorale analyse la recevabilit\u00e9 des candidatures au regard de l\u2019\u00e9thique et des valeurs de la ligue. En cas de n\u00e9cessit\u00e9, il en fait un rapport \u00e9crit au Comit\u00e9 Ex\u00e9cutif et fait une pr\u00e9sentation \u00e0 l\u2019Assembl\u00e9e g\u00e9n\u00e9rale des \u00e9l\u00e9ments ayant fond\u00e9 le rejet d\u2019une candidature d\u00e9termin\u00e9e.<\/p>\n","protected":false},"excerpt":{"rendered":"<p>De l\u2019Assembl\u00e9e G\u00e9n\u00e9rale Article 11\u00a0: Les r\u00e9unions de l\u2019Assembl\u00e9e g\u00e9n\u00e9rale des membres de la Ligue sont pr\u00e9sid\u00e9es par le bureau compos\u00e9 du Pr\u00e9sident, du Vice-Pr\u00e9sident et du Secr\u00e9taire G\u00e9n\u00e9ral. Le bureau de l\u2019Assembl\u00e9e G\u00e9n\u00e9rale se choisit le rapporteur. Le bureau <a class=\"more-link\" href=\"https:\/\/ligue-iteka.bi\/index.php\/organes\/assemblee-generale\/\">Continuer la lecture <span class=\"screen-reader-text\">  Assembl\u00e9e g\u00e9n\u00e9rale<\/span><span class=\"meta-nav\">&rarr;<\/span><\/a><\/p>\n","protected":false},"author":1,"featured_media":0,"parent":13,"menu_order":0,"comment_status":"closed","ping_status":"closed","template":"","meta":{"om_disable_all_campaigns":false,"footnotes":""},"class_list":["post-29","page","type-page","status-publish","hentry"],"_links":{"self":[{"href":"https:\/\/ligue-iteka.bi\/index.php\/wp-json\/wp\/v2\/pages\/29","targetHints":{"allow":["GET"]}}],"collection":[{"href":"https:\/\/ligue-iteka.bi\/index.php\/wp-json\/wp\/v2\/pages"}],"about":[{"href":"https:\/\/ligue-iteka.bi\/index.php\/wp-json\/wp\/v2\/types\/page"}],"author":[{"embeddable":true,"href":"https:\/\/ligue-iteka.bi\/index.php\/wp-json\/wp\/v2\/users\/1"}],"replies":[{"embeddable":true,"href":"https:\/\/ligue-iteka.bi\/index.php\/wp-json\/wp\/v2\/comments?post=29"}],"version-history":[{"count":2,"href":"https:\/\/ligue-iteka.bi\/index.php\/wp-json\/wp\/v2\/pages\/29\/revisions"}],"predecessor-version":[{"id":662,"href":"https:\/\/ligue-iteka.bi\/index.php\/wp-json\/wp\/v2\/pages\/29\/revisions\/662"}],"up":[{"embeddable":true,"href":"https:\/\/ligue-iteka.bi\/index.php\/wp-json\/wp\/v2\/pages\/13"}],"wp:attachment":[{"href":"https:\/\/ligue-iteka.bi\/index.php\/wp-json\/wp\/v2\/media?parent=29"}],"curies":[{"name":"wp","href":"https:\/\/api.w.org\/{rel}","templated":true}]}}