{"id":26,"date":"2017-12-12T20:19:20","date_gmt":"2017-12-12T20:19:20","guid":{"rendered":"https:\/\/ligue-iteka.bi\/wordpress\/?page_id=26"},"modified":"2020-05-26T11:41:40","modified_gmt":"2020-05-26T08:41:40","slug":"a-propos","status":"publish","type":"page","link":"https:\/\/ligue-iteka.bi\/index.php\/a-propos\/","title":{"rendered":"A propos"},"content":{"rendered":"<p style=\"text-align: justify;\"><strong>Br\u00e8ve pr\u00e9sentation de la Ligue Iteka<\/strong><\/p>\n<p style=\"text-align: justify;\">La Ligue Iteka a \u00e9t\u00e9 cr\u00e9\u00e9e en 1991 \u00e0 l\u2019initiative d\u2019un groupe de cadres issus de diverses cat\u00e9gories socioprofessionnelles, dont des Professeurs d\u2019Universit\u00e9s, des Juristes, des Religieux etc. Elle a \u00e9t\u00e9 agr\u00e9\u00e9e officiellement par l\u2019ordonnance N\u00b0\u00a0550\/029 du 6 f\u00e9vrier 1991, devenant ainsi la premi\u00e8re organisation burundaise de d\u00e9fense des droits de l\u2019homme \u00e0 avoir \u00e9t\u00e9 l\u00e9galement reconnue et \u00e0 \u0153uvrer ouvertement au Burundi.<\/p>\n<p style=\"text-align: justify;\"><strong>1.Vision et valeurs fondamentales de la Ligue<\/strong><\/p>\n<p style=\"text-align: justify;\"><strong>1.1. Vision de la Ligue<\/strong><\/p>\n<p style=\"text-align: justify;\">La Ligue Iteka voudrait contribuer \u00e0 \u00e9difier un Burundi unitaire et d\u00e9mocratique o\u00f9 r\u00e8gnent la paix et la s\u00e9curit\u00e9 reposant sur l\u2019Etat de droit, la justice sociale, la prosp\u00e9rit\u00e9 et l\u2019int\u00e9r\u00eat commun, une soci\u00e9t\u00e9 qui met en avant le culte du m\u00e9rite et habit\u00e9e par des citoyens libres jouissant de tous leurs droits fondamentaux.<\/p>\n<p style=\"text-align: justify;\"><strong>1.2. Valeurs fondamentales de la Ligue<\/strong><\/p>\n<p style=\"text-align: justify;\">La Ligue, dans ses activit\u00e9s quotidiennes, a une s\u00e9rie de valeurs qu\u2019elle met en avant. Ainsi, le militant des droits de l\u2019homme de la Ligue Iteka doit \u00eatre une personne int\u00e8gre et d\u00e9vou\u00e9e \u00e0 la cause des droits de l\u2019homme qu\u2019il d\u00e9fend en toute honn\u00eatet\u00e9 et humilit\u00e9.<\/p>\n<p style=\"text-align: justify;\">Il doit \u00eatre courageux et pers\u00e9v\u00e9rant. Il doit \u00eatre tol\u00e9rant et objectif dans toutes ses interventions.<\/p>\n<p style=\"text-align: justify;\"><strong>2. Mission et objectifs de la Ligue<\/strong><\/p>\n<p style=\"text-align: justify;\">La mission de la Ligue Iteka est de d\u00e9fendre, de promouvoir les droits de l\u2019homme et d\u2019en pr\u00e9venir les violations.<\/p>\n<p style=\"text-align: justify;\">Les objectifs sont notamment de\u00a0:<\/p>\n<p style=\"text-align: justify;\">\u2022 d\u00e9fendre la personne humaine contre les violations de ses droits, en particulier ses libert\u00e9s et droits fondamentaux\u00a0;<\/p>\n<p style=\"text-align: justify;\">\u2022 pr\u00e9venir les violations des droits et libert\u00e9s de la personne humaine en particulier ses libert\u00e9s et droits fondamentaux\u00a0;<\/p>\n<p style=\"text-align: justify;\">\u2022 d\u00e9velopper la capacit\u00e9 de chacun \u00e0 prendre lui-m\u00eame en charge la d\u00e9fense et la promotion de ses propres droits et solidairement de ceux d\u2019autres, sans consid\u00e9ration de sexe ou d\u2019appartenance r\u00e9gionale, ethnique, clanique, politique, religieuse ou autre\u00a0;<\/p>\n<p style=\"text-align: justify;\">\u2022 d\u00e9velopper la capacit\u00e9 de chacun \u00e0 participer pleinement, de mani\u00e8re active et responsable, \u00e0 l\u2019\u00e9dification d\u2019un Etat de droit\u00a0;<\/p>\n<p style=\"text-align: justify;\">\u2022 Tenir le public tant national qu\u2019international objectivement inform\u00e9 sur la situation des droits de la personne au Burundi.<\/p>\n<p style=\"text-align: justify;\"><strong>3. Structure organisationnelle de la Ligue<\/strong><\/p>\n<p style=\"text-align: justify;\">Forte de plus de 3.000 membres r\u00e9partis sur tout le territoire national, la Ligue Iteka est aujourd\u2019hui class\u00e9e parmi les organisations qui disposent de plus de repr\u00e9sentations sur terrain par notamment des antennes et des observateurs des droits de l\u2019homme bas\u00e9s dans toutes les provinces du pays et, dans certains endroits, au niveau des communes.<\/p>\n<p style=\"text-align: justify;\"><strong>3.1. L\u2019Assembl\u00e9e G\u00e9n\u00e9rale<\/strong><\/p>\n<p style=\"text-align: justify;\">C\u2019est l\u2019organe supr\u00eame de l\u2019Association. Elle se r\u00e9unit deux fois par an d\u2019une fa\u00e7on ordinaire et, chaque fois que de besoin, de fa\u00e7on extraordinaire. C\u2019est au cours de ces r\u00e9unions que les membres prennent des d\u00e9cisions capitales pour le d\u00e9veloppement de l\u2019Association en g\u00e9n\u00e9ral et des droits de l\u2019homme en particulier. Ces assembl\u00e9es mobilisent des membres venus de toutes les r\u00e9gions du pays \u00e0 travers des d\u00e9l\u00e9gu\u00e9s des sections provinciales ainsi que des membres des Commissions th\u00e9matiques.<\/p>\n<p style=\"text-align: justify;\"><strong>3.2. Le Comit\u00e9 Ex\u00e9cutif<\/strong><\/p>\n<p style=\"text-align: justify;\">C\u2019est l\u2019organe charg\u00e9 de l\u2019administration et de la gestion de l\u2019Association. Il se r\u00e9unit ordinairement une fois par semaine et, en cas de besoin, en r\u00e9union extraordinaire. Il est compos\u00e9 de 11 membres\u00a0: Un Pr\u00e9sident, un Vice-Pr\u00e9sident, un Secr\u00e9taire G\u00e9n\u00e9ral et huit pr\u00e9sidents des commissions.<\/p>\n<p style=\"text-align: justify;\"><strong>3.3. Le Secr\u00e9tariat Ex\u00e9cutif<\/strong><\/p>\n<p style=\"text-align: justify;\">C\u2019est un service d\u2019appui charg\u00e9 de mettre en ex\u00e9cution les d\u00e9cisions des organes de d\u00e9cision plus particuli\u00e8rement celles du Comit\u00e9 Ex\u00e9cutif. Il est dirig\u00e9 par une Secr\u00e9taire Ex\u00e9cutive. Il est aussi compos\u00e9 d\u2019un Secr\u00e9taire Ex\u00e9cutif-Adjoint charg\u00e9 de l\u2019Administration et des Finances, d\u2019un Secr\u00e9taire Ex\u00e9cutif-Adjoint charg\u00e9 de l\u2019information et des charg\u00e9s de programmes.<\/p>\n<p style=\"text-align: justify;\"><strong>3.4. Les F\u00e9d\u00e9rations<\/strong><\/p>\n<p style=\"text-align: justify;\">La Ligue est organis\u00e9e en Commissions\u00a0:<\/p>\n<p style=\"text-align: justify;\">\u2022 Commission Femmes et Enfants, \u2022 Commission Polices, Juridictions et Prisons, \u2022 Commission Jeunesse, \u2022 Commission Libert\u00e9s Publiques. \u2022 Commission Ressources humaines et Formation, \u2022 Commission Ressources mat\u00e9rielles et financi\u00e8res, \u2022 Commission Information et communication, \u2022 Commission Droits \u00e9conomiques, sociaux et culturels.<\/p>\n<p style=\"text-align: justify;\"><strong>3.5. Les Sections<\/strong><\/p>\n<p style=\"text-align: justify;\">La Ligue est aussi organis\u00e9e en Sections tenant lieu de structures de base, selon les textes. Elles sont actuellement implant\u00e9es dans toutes les provinces. Certaines provinces disposent de deux sections. Il s\u2019agit des provinces de Cankuzo, Makamba et Muyinga. Chaque section dispose, comme organe, d\u2019un bureau de section compos\u00e9 par un chef, un chef-adjoint, un tr\u00e9sorier, un secr\u00e9taire et des commissaires suivant les sp\u00e9cificit\u00e9s de la r\u00e9gion.<\/p>\n<p style=\"text-align: justify;\">Les sections se r\u00e9unissent aussi en Assembl\u00e9e G\u00e9n\u00e9rale une fois par trimestre. L\u2019implantation des sections peut \u00eatre consult\u00e9e en annexe.<\/p>\n<p style=\"text-align: justify;\"><strong>4. Partenariat et cadres de concertation<\/strong><\/p>\n<p style=\"text-align: justify;\"><strong>4.1. Partenaires et bailleurs de la Ligue<\/strong><\/p>\n<p style=\"text-align: justify;\">Depuis sa cr\u00e9ation, la Ligue a b\u00e9n\u00e9fici\u00e9 des appuis et des financements des partenaires et bailleurs vari\u00e9s. Certains sont rest\u00e9s tandis que d\u2019autres ont revu leur partenariat selon l\u2019\u00e9volution des secteurs d\u2019intervention. Actuellement la Ligue collabore avec les partenaires et bailleurs ci-apr\u00e8s\u00a0:<\/p>\n<p style=\"text-align: justify;\">\u2022 Oxfam NOVIB \u2022 11.11.11 \u2022 HCR \u2022 USAID \u2022 Christian Aid \u2022 D\u00e9veloppement et Paix \u2022 Search For Common Ground \u2022 LDGL \u2022 Agir ensemble \u2022 FIDH \u2022 CNLS \u2022 Global rights \u2022 PNUD \u2022 Amnesty International \u2022 UIDH \u2022 IANSA \u2022 UNIFEM \u2022 Union Europ\u00e9enne \u2022 Cooperation Suisse \u2022 NED \u2022 ICCO \u2022 ACORD &#8211; Burundi \u2022 Fonds du Primat<\/p>\n<p style=\"text-align: justify;\"><strong>4.2. Cadres de concertation<\/strong><\/p>\n<p style=\"text-align: justify;\">Actuellement, la Ligue Iteka\u00a0:<\/p>\n<p style=\"text-align: justify;\">\u2022 a le statut consultatif sp\u00e9cial aupr\u00e8s de l\u2019ECOSOC,<\/p>\n<p style=\"text-align: justify;\">\u2022 est membre de la F\u00e9d\u00e9ration Internationale des Ligues des Droits de l\u2019Homme (FIDH),<\/p>\n<p style=\"text-align: justify;\">\u2022 assure la vice-pr\u00e9sidence de l\u2019Union Interafricaine des Droits de l\u2019Homme (UIDH),<\/p>\n<p style=\"text-align: justify;\">\u2022 assure la Vice-Pr\u00e9sidence de l\u2019OAG et de la LDGL,<\/p>\n<p style=\"text-align: justify;\">\u2022 pr\u00e9side le FORSC.<\/p>\n<p style=\"text-align: justify;\">Rappelons que la Ligue est \u00e0 l\u2019origine de la cr\u00e9ation du FORSC, de l\u2019OAG et de la LDGL.<\/p>\n<p style=\"text-align: justify;\">.<strong>5. Projets en cours d\u2019ex\u00e9cution<\/strong><\/p>\n<p style=\"text-align: justify;\">\u2022 Lutte contre les violences faites aux femmes et aux enfants<\/p>\n<p style=\"text-align: justify;\">\u2022 Assistance judiciaire<\/p>\n<p style=\"text-align: justify;\">\u2022 Monitoring du rapatriement<\/p>\n<p style=\"text-align: justify;\">\u2022 Renforcement des sections<\/p>\n<p style=\"text-align: justify;\">\u2022 Observatoire des droits de la personne<\/p>\n<p style=\"text-align: justify;\">\u2022 Promotion de la libert\u00e9 d\u2019expression<\/p>\n<p style=\"text-align: justify;\">\u2022 Renforcement des capacit\u00e9s d\u2019information<\/p>\n<p style=\"text-align: justify;\">\u2022 Appui aux enfants et orphelins vuln\u00e9rables<\/p>\n","protected":false},"excerpt":{"rendered":"<p>Br\u00e8ve pr\u00e9sentation de la Ligue Iteka La Ligue Iteka a \u00e9t\u00e9 cr\u00e9\u00e9e en 1991 \u00e0 l\u2019initiative d\u2019un groupe de cadres issus de diverses cat\u00e9gories socioprofessionnelles, dont des Professeurs d\u2019Universit\u00e9s, des Juristes, des Religieux etc. Elle a \u00e9t\u00e9 agr\u00e9\u00e9e officiellement par <a class=\"more-link\" href=\"https:\/\/ligue-iteka.bi\/index.php\/a-propos\/\">Continuer la lecture <span class=\"screen-reader-text\">  A propos<\/span><span class=\"meta-nav\">&rarr;<\/span><\/a><\/p>\n","protected":false},"author":1,"featured_media":0,"parent":0,"menu_order":0,"comment_status":"closed","ping_status":"closed","template":"","meta":{"om_disable_all_campaigns":false,"footnotes":""},"class_list":["post-26","page","type-page","status-publish","hentry"],"_links":{"self":[{"href":"https:\/\/ligue-iteka.bi\/index.php\/wp-json\/wp\/v2\/pages\/26","targetHints":{"allow":["GET"]}}],"collection":[{"href":"https:\/\/ligue-iteka.bi\/index.php\/wp-json\/wp\/v2\/pages"}],"about":[{"href":"https:\/\/ligue-iteka.bi\/index.php\/wp-json\/wp\/v2\/types\/page"}],"author":[{"embeddable":true,"href":"https:\/\/ligue-iteka.bi\/index.php\/wp-json\/wp\/v2\/users\/1"}],"replies":[{"embeddable":true,"href":"https:\/\/ligue-iteka.bi\/index.php\/wp-json\/wp\/v2\/comments?post=26"}],"version-history":[{"count":6,"href":"https:\/\/ligue-iteka.bi\/index.php\/wp-json\/wp\/v2\/pages\/26\/revisions"}],"predecessor-version":[{"id":2028,"href":"https:\/\/ligue-iteka.bi\/index.php\/wp-json\/wp\/v2\/pages\/26\/revisions\/2028"}],"wp:attachment":[{"href":"https:\/\/ligue-iteka.bi\/index.php\/wp-json\/wp\/v2\/media?parent=26"}],"curies":[{"name":"wp","href":"https:\/\/api.w.org\/{rel}","templated":true}]}}