{"id":152,"date":"2019-01-02T05:02:50","date_gmt":"2019-01-02T02:02:50","guid":{"rendered":"https:\/\/ligue-iteka.bi\/wordpress\/?page_id=152"},"modified":"2026-04-13T03:21:23","modified_gmt":"2026-04-13T01:21:23","slug":"rapport-trimestriel","status":"publish","type":"page","link":"https:\/\/ligue-iteka.bi\/index.php\/rapports\/sur-les-droits-de-lhomme\/rapport-trimestriel\/","title":{"rendered":"Rapports trimestriels"},"content":{"rendered":"<p style=\"text-align: center;\"><em><strong>LIGUE BURUNDAISE DES DROITS DE L\u2019HOMME \u00ab ITEKA \u00bb<\/strong><\/em><\/p>\n<p><em><strong>Agr\u00e9\u00e9e par l\u2019ordonnance Minist\u00e9rielle n\u00b0530\/0273 du 10 novembre 1994 revoyant l\u2019ordonnance n\u00b0550\/029 du 6 f\u00e9vrier 1991<\/strong><\/em><br \/>\n<em>\u00ab Est membre de l\u2019Union Interafricaine des Droits de l\u2019Homme et des Peuples (UIDH), membre affili\u00e9 de la F\u00e9d\u00e9ration Internationale des Ligues des Droits de l\u2019Homme (FIDH), a le statut d\u2019observateur aupr\u00e8s de la Commission Africaine des Droits de l\u2019Homme et des Peuples et le statut consultatif sp\u00e9cial aupr\u00e8s de l\u2019ECOSOC. \u00bb<\/em><\/p>\n<p><em>Rapport trimestriel de la Ligue Burundaise des Droits de l\u2019Homme (LBDH) \u00ab ITEKA \u00bb<\/em><\/p>\n<p>Janvier-Mars 2026<\/p>\n<p><a href=\"https:\/\/ligue-iteka.bi\/wp-content\/uploads\/2026\/04\/RAPPORT-TRIMESTRIEL-JANVIER-MARS-2026.pdf\">RAPPORT TRIMESTRIEL JANVIER-MARS 2026<\/a><\/p>\n<p>Octobre-D\u00e9cembre 2025<\/p>\n<p><a href=\"https:\/\/ligue-iteka.bi\/wp-content\/uploads\/2026\/01\/RAPPORT-TRIMESTRIEL-OCTOBRE-DECEMBRE-2025.pdf\">RAPPORT TRIMESTRIEL OCTOBRE-DECEMBRE 2025<\/a><\/p>\n<p>Juillet-Septembre 2025<\/p>\n<p><a href=\"https:\/\/ligue-iteka.bi\/wp-content\/uploads\/2025\/10\/RAPPORT-TRIMESTRIEL-JUILLET-SEPTEMBRE-2025.pdf\">RAPPORT TRIMESTRIEL JUILLET-SEPTEMBRE 2025<\/a><\/p>\n<p>Avril-Juin 2025<\/p>\n<p><a href=\"https:\/\/ligue-iteka.bi\/wp-content\/uploads\/2025\/07\/RAPPORT-TRIMESTRIEL-AVRIL-JUIN-2025.pdf\">RAPPORT TRIMESTRIEL AVRIL-JUIN 2025<\/a><\/p>\n<p>Janvier-Mars 2025<\/p>\n<p><a href=\"https:\/\/ligue-iteka.bi\/wp-content\/uploads\/2025\/04\/RAPPORT-TRIMESTRIEL-JANVIER-MARS-2025.pdf\">RAPPORT TRIMESTRIEL JANVIER-MARS 2025<\/a><\/p>\n<p>Octobre-D\u00e9cembre 2024<\/p>\n<p><a href=\"https:\/\/ligue-iteka.bi\/wp-content\/uploads\/2025\/01\/RAPPORT-TRIMESTRIEL-OCTOBRE-DECEMBRE-2024.pdf\">RAPPORT TRIMESTRIEL OCTOBRE-DECEMBRE 2024<\/a><\/p>\n<p>Juillet-Septembre 2024<\/p>\n<p><a href=\"https:\/\/ligue-iteka.bi\/wp-content\/uploads\/2024\/10\/RAPPORT-TRIMESTRIEL-JUILLET-SEPTEMBRE-2024.pdf\">RAPPORT TRIMESTRIEL JUILLET-SEPTEMBRE 2024<\/a><\/p>\n<p>Avril-Juin 2024<\/p>\n<p><a href=\"https:\/\/ligue-iteka.bi\/wp-content\/uploads\/2024\/07\/RAPPORT-TRIMESTRIEL-AVRIL-JUIN-2024.pdf\">RAPPORT TRIMESTRIEL AVRIL-JUIN 2024<\/a><\/p>\n<p>Janvier-Mars 2024<\/p>\n<p><a href=\"https:\/\/ligue-iteka.bi\/wp-content\/uploads\/2024\/04\/RAPPORT-TRIMESTRIEL-JANVIER-MARS-2024.pdf\">RAPPORT TRIMESTRIEL JANVIER-MARS 2024<\/a><\/p>\n<p>Octobre-D\u00e9cembre 2023<\/p>\n<p><a href=\"https:\/\/ligue-iteka.bi\/wp-content\/uploads\/2024\/02\/RAPPORT-TRIMESTRIEL-OCTOBRE-DECEMBRE-2023.pdf\">RAPPORT TRIMESTRIEL OCTOBRE-DECEMBRE 2023<\/a><\/p>\n<p>Juillet-Septembre 2023<\/p>\n<p><a href=\"https:\/\/ligue-iteka.bi\/wp-content\/uploads\/2023\/10\/RAPPORT-TRIMESTRIEL-JUILLET-SEPTEMBRE-2023.pdf\">RAPPORT TRIMESTRIEL JUILLET-SEPTEMBRE 2023<\/a><\/p>\n<p>Avril-juin 2023<\/p>\n<p><a href=\"https:\/\/ligue-iteka.bi\/wp-content\/uploads\/2023\/07\/RAPPORT-TRIMESTRIEL-AVRIL-A-JUIN-2023.pdf\">RAPPORT TRIMESTRIEL AVRIL-JUIN 2023<\/a><\/p>\n<p>Janvier-Mars 2023<\/p>\n<p><a href=\"https:\/\/ligue-iteka.bi\/wp-content\/uploads\/2023\/04\/RAPPORT-TRIMESTRIEL-JANVIER-MARS-2023.pdf\">RAPPORT TRIMESTRIEL JANVIER-MARS 2023<\/a><\/p>\n","protected":false},"excerpt":{"rendered":"<p>LIGUE BURUNDAISE DES DROITS DE L\u2019HOMME \u00ab ITEKA \u00bb Agr\u00e9\u00e9e par l\u2019ordonnance Minist\u00e9rielle n\u00b0530\/0273 du 10 novembre 1994 revoyant l\u2019ordonnance n\u00b0550\/029 du 6 f\u00e9vrier 1991 \u00ab Est membre de l\u2019Union Interafricaine des Droits de l\u2019Homme et des Peuples (UIDH), membre <a class=\"more-link\" href=\"https:\/\/ligue-iteka.bi\/index.php\/rapports\/sur-les-droits-de-lhomme\/rapport-trimestriel\/\">Continuer la lecture <span class=\"screen-reader-text\">  Rapports trimestriels<\/span><span class=\"meta-nav\">&rarr;<\/span><\/a><\/p>\n","protected":false},"author":1,"featured_media":0,"parent":67,"menu_order":0,"comment_status":"closed","ping_status":"closed","template":"","meta":{"om_disable_all_campaigns":false,"footnotes":""},"class_list":["post-152","page","type-page","status-publish","hentry"],"_links":{"self":[{"href":"https:\/\/ligue-iteka.bi\/index.php\/wp-json\/wp\/v2\/pages\/152","targetHints":{"allow":["GET"]}}],"collection":[{"href":"https:\/\/ligue-iteka.bi\/index.php\/wp-json\/wp\/v2\/pages"}],"about":[{"href":"https:\/\/ligue-iteka.bi\/index.php\/wp-json\/wp\/v2\/types\/page"}],"author":[{"embeddable":true,"href":"https:\/\/ligue-iteka.bi\/index.php\/wp-json\/wp\/v2\/users\/1"}],"replies":[{"embeddable":true,"href":"https:\/\/ligue-iteka.bi\/index.php\/wp-json\/wp\/v2\/comments?post=152"}],"version-history":[{"count":26,"href":"https:\/\/ligue-iteka.bi\/index.php\/wp-json\/wp\/v2\/pages\/152\/revisions"}],"predecessor-version":[{"id":9257,"href":"https:\/\/ligue-iteka.bi\/index.php\/wp-json\/wp\/v2\/pages\/152\/revisions\/9257"}],"up":[{"embeddable":true,"href":"https:\/\/ligue-iteka.bi\/index.php\/wp-json\/wp\/v2\/pages\/67"}],"wp:attachment":[{"href":"https:\/\/ligue-iteka.bi\/index.php\/wp-json\/wp\/v2\/media?parent=152"}],"curies":[{"name":"wp","href":"https:\/\/api.w.org\/{rel}","templated":true}]}}