{"id":150,"date":"2019-03-05T01:59:11","date_gmt":"2019-03-04T22:59:11","guid":{"rendered":"https:\/\/ligue-iteka.bi\/wordpress\/?page_id=150"},"modified":"2026-04-07T20:03:56","modified_gmt":"2026-04-07T18:03:56","slug":"rapport-mensuel","status":"publish","type":"page","link":"https:\/\/ligue-iteka.bi\/index.php\/rapports\/sur-les-droits-de-lhomme\/rapport-mensuel\/","title":{"rendered":"Rapports mensuels"},"content":{"rendered":"<p style=\"text-align: center;\"><em><strong>LIGUE BURUNDAISE DES DROITS DE L\u2019HOMME \u00ab ITEKA \u00bb<\/strong><\/em><\/p>\r\n<p><strong><em>Agr\u00e9\u00e9e par l\u2019Ordonnance Minist\u00e9rielle n\u00b0530\/0273 du 10 novembre 1994 revoyant l\u2019ordonnance n\u00b0550\/029 du 6 f\u00e9vrier 1991 <\/em><\/strong><\/p>\r\n<p><em>\u00ab Est membre de l\u2019Union Inter africaine des Droits de l\u2019Homme et des Peuples (UIDH), est membre affili\u00e9 de la F\u00e9d\u00e9ration Internationale des Ligues des Droits de l\u2019Homme (FIDH), a le statut d\u2019observateur aupr\u00e8s de la Commission Africaine des Droits de l\u2019Homme et des Peuples et a le statut consultatif sp\u00e9cial aupr\u00e8s de l\u2019ECOSOC. \u00bb<\/em><\/p>\r\n<p><strong><em>Rapports mensuels \u00ab ITEKA N\u2019IJAMBO \u00bb de la Ligue Burundaise des Droits de l\u2019Homme \u00ab ITEKA \u00bb<\/em><\/strong><\/p>\r\n<p><a href=\"https:\/\/ligue-iteka.bi\/wp-content\/uploads\/2026\/04\/RAPPORT-MENSUEL-MARS-2026.pdf\">Rapport mensuel Iteka n&rsquo;Ijambo de Mars 2026<\/a><\/p>\r\n<p><a href=\"https:\/\/ligue-iteka.bi\/wp-content\/uploads\/2026\/03\/RAPPORT-MENSUEL-FEVRIER-2026.pdf\">Rapport mensuei Iteka n&rsquo;Ijambo de F\u00e9vrier 2026<\/a><\/p>\r\n<p><a href=\"https:\/\/ligue-iteka.bi\/wp-content\/uploads\/2026\/02\/RAPPORT-MENSUEL-JANVIER-2026.pdf\">Rapport mensuel Iteka n&rsquo;Ijambo de Janvier 2026<\/a><\/p>\r\n<p><a href=\"https:\/\/ligue-iteka.bi\/wp-content\/uploads\/2026\/01\/RAPPORT-MENSUEL-DECEMBRE-2025.pdf\">Rapport mensuel Iteka n&rsquo;Ijambo de d\u00e9cembre 2025<\/a><\/p>\r\n<p><a href=\"https:\/\/ligue-iteka.bi\/wp-content\/uploads\/2025\/12\/RAPPORT-MENSUEL-NOVEMBRE-2025.pdf\">Rapport mensuel Iteka n\u00eaIjambo de novembre 2025<\/a><\/p>\r\n<p><a href=\"https:\/\/ligue-iteka.bi\/wp-content\/uploads\/2025\/11\/RAPPORT-MENSUEL-OCTOBRE-2025.pdf\">Rapport mensuel Iteka n&rsquo;Ijambo d&rsquo;octobre 2025<\/a><\/p>\r\n<p><a href=\"https:\/\/ligue-iteka.bi\/wp-content\/uploads\/2025\/10\/RAPPORT-MENSUEL-SEPTEMBRE-2025.pdf\">Rapport mensuel Iteka n&rsquo;Ijambo de septembre 2025<\/a><\/p>\r\n<p><a href=\"https:\/\/ligue-iteka.bi\/wp-content\/uploads\/2025\/09\/RAPPORT-MENSUEL-AOUT-2025.pdf\">Rapport mensuel Iteka n&rsquo;Ijambo d&rsquo;ao\u00fbt 2025<\/a><\/p>\r\n<p><a href=\"https:\/\/ligue-iteka.bi\/wp-content\/uploads\/2025\/08\/RAPPORT-MENSUEL-JUILLET-2025.pdf\">Rapport mensuel Iteka n&rsquo;Ijambo de juillet 2025<\/a><\/p>\r\n<p><a href=\"https:\/\/ligue-iteka.bi\/wp-content\/uploads\/2025\/07\/RAPPORT-MENSUEL-JUIN-2025.pdf\">Rapport mensuel Iteka n&rsquo;ijambo de juin 2025<\/a><\/p>\r\n<p><a href=\"https:\/\/ligue-iteka.bi\/wp-content\/uploads\/2025\/06\/RAPPORT-MENSUEL-MAI-2025.pdf\">Rapport mensuel Iteka n&rsquo;Ijambo de mai 2025<\/a><\/p>\r\n<p><a href=\"https:\/\/ligue-iteka.bi\/wp-content\/uploads\/2025\/05\/RAPPORT-MENSUEL-AVRIL-2025.pdf\">\u00a0Rapport mensuel Iteka n\u2019Ijambo d\u2019avril 2025<\/a><\/p>\r\n<p><a href=\"https:\/\/ligue-iteka.bi\/wp-content\/uploads\/2025\/04\/RAPPORT-MENSUEL-MARS-2025.pdf\">\u00a0Rapport mensuel Iteka n\u2019Ijambo de mars 2025<\/a><\/p>\r\n<p>\u00a0<a href=\"https:\/\/ligue-iteka.bi\/wp-content\/uploads\/2025\/03\/RAPPORT-MENSUEL-FEVRIER-2025.pdf\">Rapport mensuel Iteka n\u2019Ijambo de f\u00e9vrier 2025<\/a><\/p>\r\n<p><a href=\"https:\/\/ligue-iteka.bi\/wp-content\/uploads\/2025\/02\/RAPPORT-MENSUEL-JANVIER-2025.pdf\">\u00a0Rapport mensuel Iteka n\u2019Ijambo de janvier 2025<\/a><\/p>\r\n<p><a href=\"https:\/\/ligue-iteka.bi\/wp-content\/uploads\/2025\/01\/RAPPORT-MENSUEL-DECEMBRE-2024.pdf\">Rapport mensuel Iteka n&rsquo;Ijambo de d\u00e9cembre 2024<\/a><\/p>\r\n<p><a href=\"https:\/\/ligue-iteka.bi\/wp-content\/uploads\/2024\/12\/RAPPORT-MENSUEL-NOVEMBRE-2024.pdf\">Rapport mensuel Iteka n&rsquo;Ijambo de novembre 2024<\/a><\/p>\r\n<p><a href=\"https:\/\/ligue-iteka.bi\/wp-content\/uploads\/2024\/11\/RAPPORT-MENSUEL-OCTOBRE-2024.pdf\">Rapport mensuel Iteka n&rsquo;Ijambo d&rsquo;octobre 2024<\/a><\/p>\r\n<p><a href=\"https:\/\/ligue-iteka.bi\/wp-content\/uploads\/2024\/10\/RAPPORT-MENSUEL-SEPTEMBRE-2024.pdf\">Rapport mensuel Iteka n&rsquo;Ijambo de septembre 2024<\/a><\/p>\r\n<p><a href=\"https:\/\/ligue-iteka.bi\/wp-content\/uploads\/2024\/09\/RAPPORT-MENSUEL-AOUT-2024.pdf\">Rapport mensuel Iteka n&rsquo;Ijambo d&rsquo;ao\u00fbt 2024<\/a><\/p>\r\n<p><a href=\"https:\/\/ligue-iteka.bi\/wp-content\/uploads\/2024\/08\/RAPPORT-MENSUEL-JUILLET-2024.pdf\">Rapport mensuel Iteka n&rsquo;Ijambo de juillet 2024<\/a><\/p>\r\n<p><a href=\"https:\/\/ligue-iteka.bi\/rapport-mensuel-iteka-nijambo-de-juin-2024\/\">Rapport mensuel Iteka n&rsquo;Ijambo de juin 2024<\/a><\/p>\r\n<p><a href=\"https:\/\/ligue-iteka.bi\/rapport-mensuel-iteka-nijambo-de-mai-2024\/\">Rapport mensuel Iteka n&rsquo;Ijambo de mai 2024<\/a><\/p>\r\n<p><a href=\"https:\/\/ligue-iteka.bi\/rapport-mensuel-iteka-nijambo-avril-2024\/\">Rapport mensuel Iteka n&rsquo;Ijambo d&rsquo;avril 2024<\/a><\/p>\r\n<p><a href=\"https:\/\/ligue-iteka.bi\/rapport-mensuel-iteka-nijambo-de-mars-2024\/\">Rapport mensuel Iteka n&rsquo;Ijambo de mars 2024<\/a><\/p>\r\n<p><a href=\"https:\/\/ligue-iteka.bi\/rapport-mensuel-iteka-nijambo-de-fevrier-2024\/\">Rapport mensuel Iteka n&rsquo;Ijambo de f\u00e9vrier 2024<\/a><\/p>\r\n<p><a href=\"https:\/\/ligue-iteka.bi\/rapport-mensuel-sur-la-situation-des-droits-de-lhomme-au-burundi-de-janvier-2024\/\">Rapport mensuel Iteka n&rsquo;Ijambo de janvier 2024<\/a><\/p>\r\n\r\n<p>&nbsp;<\/p>\r\n\r\n<p>&nbsp;<\/p>","protected":false},"excerpt":{"rendered":"<p>LIGUE BURUNDAISE DES DROITS DE L\u2019HOMME \u00ab ITEKA \u00bb Agr\u00e9\u00e9e par l\u2019Ordonnance Minist\u00e9rielle n\u00b0530\/0273 du 10 novembre 1994 revoyant l\u2019ordonnance n\u00b0550\/029 du 6 f\u00e9vrier 1991 \u00ab Est membre de l\u2019Union Inter africaine des Droits de l\u2019Homme et des Peuples (UIDH), <a class=\"more-link\" href=\"https:\/\/ligue-iteka.bi\/index.php\/rapports\/sur-les-droits-de-lhomme\/rapport-mensuel\/\">Continuer la lecture <span class=\"screen-reader-text\">  Rapports mensuels<\/span><span class=\"meta-nav\">&rarr;<\/span><\/a><\/p>\n","protected":false},"author":1,"featured_media":0,"parent":67,"menu_order":0,"comment_status":"closed","ping_status":"closed","template":"","meta":{"om_disable_all_campaigns":false,"footnotes":""},"class_list":["post-150","page","type-page","status-publish","hentry"],"_links":{"self":[{"href":"https:\/\/ligue-iteka.bi\/index.php\/wp-json\/wp\/v2\/pages\/150","targetHints":{"allow":["GET"]}}],"collection":[{"href":"https:\/\/ligue-iteka.bi\/index.php\/wp-json\/wp\/v2\/pages"}],"about":[{"href":"https:\/\/ligue-iteka.bi\/index.php\/wp-json\/wp\/v2\/types\/page"}],"author":[{"embeddable":true,"href":"https:\/\/ligue-iteka.bi\/index.php\/wp-json\/wp\/v2\/users\/1"}],"replies":[{"embeddable":true,"href":"https:\/\/ligue-iteka.bi\/index.php\/wp-json\/wp\/v2\/comments?post=150"}],"version-history":[{"count":47,"href":"https:\/\/ligue-iteka.bi\/index.php\/wp-json\/wp\/v2\/pages\/150\/revisions"}],"predecessor-version":[{"id":9249,"href":"https:\/\/ligue-iteka.bi\/index.php\/wp-json\/wp\/v2\/pages\/150\/revisions\/9249"}],"up":[{"embeddable":true,"href":"https:\/\/ligue-iteka.bi\/index.php\/wp-json\/wp\/v2\/pages\/67"}],"wp:attachment":[{"href":"https:\/\/ligue-iteka.bi\/index.php\/wp-json\/wp\/v2\/media?parent=150"}],"curies":[{"name":"wp","href":"https:\/\/api.w.org\/{rel}","templated":true}]}}