{"id":148,"date":"2019-08-13T01:54:30","date_gmt":"2019-08-12T22:54:30","guid":{"rendered":"https:\/\/ligue-iteka.bi\/wordpress\/?page_id=148"},"modified":"2026-04-16T03:51:48","modified_gmt":"2026-04-16T01:51:48","slug":"rapport-hebdomadaire","status":"publish","type":"page","link":"https:\/\/ligue-iteka.bi\/index.php\/rapports\/sur-les-droits-de-lhomme\/rapport-hebdomadaire\/","title":{"rendered":"Bulletins hebdomadaires"},"content":{"rendered":"<p><em><strong>LIGUE BURUNDAISE DES DROITS DE L\u2019HOMME \u00ab ITEKA \u00bb<\/strong><\/em><\/p>\n<p><em><strong>Agr\u00e9\u00e9e par l\u2019Ordonnance Minist\u00e9rielle n\u00b0530\/0273 du 10 novembre 1994 revoyant l\u2019ordonnance n\u00b0550\/029 du 6 f\u00e9vrier 1991<\/strong><\/em><\/p>\n<p><em>\u00ab Est membre de l\u2019Union Interafricaine des Droits de l\u2019Homme et des Peuples (UIDH), est membre affili\u00e9 de la F\u00e9d\u00e9ration Internationale des Ligues des Droits de l\u2019Homme (FIDH), a le statut d\u2019observateur aupr\u00e8s de la Commission Africaine des Droits de l\u2019Homme et des Peuples sous le num\u00e9ro de r\u00e9f\u00e9rence OBS.236 et est membre de l\u2019ECOSOC. La Ligue Iteka est d\u00e9centralis\u00e9e en 17 f\u00e9d\u00e9rations et 32 sections \u00bb.<\/em><\/p>\n<p><em><strong>Bulletin hebdomadaire \u00ab ITEKA N\u2019IJAMBO \u00bb de la Ligue Burundaise des Droits de l\u2019Homme<\/strong><\/em><em><strong> \u00abITEKA\u00bb<\/strong><\/em><\/p>\n<p><a href=\"https:\/\/ligue-iteka.bi\/wp-content\/uploads\/2026\/04\/Bulletin-ITEKA-N-IJAMBO-521.pdf\">Bulletin hebdomadaire Iteka n&rsquo;Ijambo n\u00b0521<\/a><\/p>\n<p><a href=\"https:\/\/ligue-iteka.bi\/wp-content\/uploads\/2026\/04\/Bulletin-ITEKA-N-IJAMBO-520.pdf\">Bulletin hebdomadaire Iteka n&rsquo;Ijambo n\u00b0520<\/a><\/p>\n<p><a href=\"https:\/\/ligue-iteka.bi\/wp-content\/uploads\/2026\/04\/Bulletin-ITEKA-N-IJAMBO-519.pdf\">Bulletin hebdomadaire Iteka n&rsquo;Ijambo n\u00b0519<\/a><\/p>\n<p><a href=\"https:\/\/ligue-iteka.bi\/wp-content\/uploads\/2026\/04\/Bulletin-ITEKA-N-IJAMBO-518.pdf\">Bulletin hebdomadaire Iteka n&rsquo;Ijambo n\u00b0518<\/a><\/p>\n<p><a href=\"https:\/\/ligue-iteka.bi\/wp-content\/uploads\/2026\/04\/Bulletin-ITEKA-N-IJAMBO-517.pdf\">Bulletin hebdomadaire Iteka n&rsquo;Ijambo n\u00b0517<\/a><\/p>\n<p><a href=\"https:\/\/ligue-iteka.bi\/wp-content\/uploads\/2026\/04\/Bulletin-ITEKA-N-IJAMBO-516.pdf\">Bulletin hebdomadaire Iteka n&rsquo;Ijambo n\u00b0516<\/a><\/p>\n<p><a href=\"https:\/\/ligue-iteka.bi\/wp-content\/uploads\/2026\/04\/Bulletin-ITEKA-N-IJAMBO-515.pdf\">Bulletin hebdomadaire Iteka n&rsquo;Ijambo n\u00b0515<\/a><\/p>\n<p><a href=\"https:\/\/ligue-iteka.bi\/wp-content\/uploads\/2026\/04\/Bulletin-ITEKA-N-IJAMBO-514.pdf\">Bulletin hebdomadaire Iteka n&rsquo;Ijambo n\u00b0514<\/a><\/p>\n<p><a href=\"https:\/\/ligue-iteka.bi\/wp-content\/uploads\/2026\/04\/Bulletin-ITEKA-N-IJAMBO-513.pdf\">Bulletin hebdomadaire Iteka n&rsquo;Ijambo n\u00b0513<\/a><\/p>\n<p><a href=\"https:\/\/ligue-iteka.bi\/wp-content\/uploads\/2026\/04\/Bulletin-ITEKA-N-IJAMBO-512.pdf\">Bulletin hebdomadaire Iteka n&rsquo;ijambo n\u00b0512<\/a><\/p>\n<p><a href=\"https:\/\/ligue-iteka.bi\/wp-content\/uploads\/2026\/02\/Bulletin-ITEKA-N-IJAMBO-511.pdf\">Bulletin hebdomadaire Iteka n&rsquo;Ijambo n\u00b0511<\/a><\/p>\n<p><a href=\"https:\/\/ligue-iteka.bi\/wp-content\/uploads\/2026\/01\/Bulletin-ITEKA-N-IJAMBO-510.pdf\">Bulletin hebdomadaire Iteka n&rsquo;Ijambo n\u00b0510<\/a><\/p>\n<p><a href=\"https:\/\/ligue-iteka.bi\/wp-content\/uploads\/2026\/01\/Bulletin-ITEKA-N-IJAMBO-509.pdf\">Bulletin hebdomadaire Iteka n&rsquo;Ijambo n\u00b0509<\/a><\/p>\n<p><a href=\"https:\/\/ligue-iteka.bi\/wp-content\/uploads\/2026\/01\/Bulletin-ITEKA-N-IJAMBO-508.pdf\">Bulletin hebdomadaire Iteka n&rsquo;Ijambo n\u00b0508<\/a><\/p>\n<p><a href=\"https:\/\/ligue-iteka.bi\/wp-content\/uploads\/2026\/01\/Bulletin-ITEKA-N-IJAMBO-507.pdf\">Bulletin hebdomadaire Iteka n&rsquo;Ijambo n\u00b0507<\/a><\/p>\n<p><a href=\"https:\/\/ligue-iteka.bi\/wp-content\/uploads\/2025\/12\/Bulletin-ITEKA-N-IJAMBO-506.pdf\">Bulletin hebdomadaire Iteka n&rsquo;Ijambo n\u00b0506<\/a><\/p>\n<p><a href=\"https:\/\/ligue-iteka.bi\/wp-content\/uploads\/2025\/12\/Bulletin-ITEKA-N-IJAMBO-505.pdf\">Bulletin hebdomadaire Iteka n&rsquo;Ijambo n\u00b0505<\/a><\/p>\n<p><a href=\"https:\/\/ligue-iteka.bi\/wp-content\/uploads\/2025\/12\/Bulletin-ITEKA-N-IJAMBO-504.pdf\">Bulletin hebdomadaire Iteka n&rsquo;Ijambo n\u00b0504<\/a><\/p>\n<p><a href=\"https:\/\/ligue-iteka.bi\/wp-content\/uploads\/2025\/12\/Bulletin-ITEKA-N-IJAMBO-503.pdf\">Bulletin hebdomadaire Iteka n&rsquo;Ijambo n\u00b0503<\/a><\/p>\n<p><a href=\"https:\/\/ligue-iteka.bi\/wp-content\/uploads\/2025\/12\/Bulletin-ITEKA-N-IJAMBO-502.pdf\">Bulletin hebdomadaire Iteka n&rsquo;Ijambo n\u00b0502<\/a><\/p>\n<p><a href=\"https:\/\/ligue-iteka.bi\/wp-content\/uploads\/2025\/11\/Bulletin-ITEKA-N-IJAMBO-501.pdf\">Bulletin hebdomadaire Iteka n&rsquo;Ijambo n\u00b0501<\/a><\/p>\n<p><a href=\"https:\/\/ligue-iteka.bi\/wp-content\/uploads\/2025\/11\/Bulletin-ITEKA-N-IJAMBO-500.pdf\">Bulletin hebdomadaire Iteka n&rsquo;Ijambo n\u00b0500<\/a><\/p>\n<p><a href=\"https:\/\/ligue-iteka.bi\/wp-content\/uploads\/2025\/11\/Bulletin-ITEKA-N-IJAMBO-499.pdf\">Bulletin hebdomadaire Iteka n&rsquo;ijambo n\u00b0499<\/a><\/p>\n<p><a href=\"https:\/\/ligue-iteka.bi\/wp-content\/uploads\/2025\/10\/Bulletin-ITEKA-N-IJAMBO-498.pdf\">Bulletin hebdomadaire Iteka n&rsquo;Ijambo n\u00b0498<\/a><\/p>\n<p><a href=\"https:\/\/ligue-iteka.bi\/wp-content\/uploads\/2025\/10\/Bulletin-ITEKA-N-IJAMBO-497.pdf\">Bulletin hebdomadaire Iteka n&rsquo;Ijambo n\u00b0497<\/a><\/p>\n<p><a href=\"https:\/\/ligue-iteka.bi\/wp-content\/uploads\/2025\/10\/Bulletin-ITEKA-N-IJAMBO-496.pdf\">Bulletin hebdomadaire Iteka n&rsquo;Ijambo n\u00b0496<\/a><\/p>\n<p><a href=\"https:\/\/ligue-iteka.bi\/wp-content\/uploads\/2025\/10\/Bulletin-ITEKA-N-IJAMBO-495.pdf\">Bulletin hebdomadaire Iteka n&rsquo;Ijambo n\u00b0495<\/a><\/p>\n<p><a href=\"https:\/\/ligue-iteka.bi\/wp-content\/uploads\/2025\/10\/Bulletin-ITEKA-N-IJAMBO-494.pdf\">Bulletin hebdomadaire Iteka n&rsquo;Ijambo n\u00b0494<\/a><\/p>\n<p><a href=\"https:\/\/ligue-iteka.bi\/wp-content\/uploads\/2025\/09\/Bulletin-ITEKA-N-IJAMBO-493.pdf\">Bulletin hebdomadaire Iteka n&rsquo;Ijambo n\u00b0493<\/a><\/p>\n<p><a href=\"https:\/\/ligue-iteka.bi\/wp-content\/uploads\/2025\/09\/Bulletin-ITEKA-N-IJAMBO-492.pdf\">Bulletin hebdomadaire Iteka n&rsquo;Ijambo n\u00b0492<\/a><\/p>\n<p><a href=\"https:\/\/ligue-iteka.bi\/wp-content\/uploads\/2025\/09\/Bulletin-ITEKA-N-IJAMBO-491.pdf\">Bulletin hebdomadaire Iteka n&rsquo;Ijambo n\u00b0491<\/a><\/p>\n<p><a href=\"https:\/\/ligue-iteka.bi\/wp-content\/uploads\/2025\/09\/Bulletin-ITEKA-N-IJAMBO-490.pdf\">Bulletin hebdomadaire Iteka n&rsquo;Ijambo n\u00b0490<\/a><\/p>\n<p><a href=\"https:\/\/ligue-iteka.bi\/wp-content\/uploads\/2025\/09\/Bulletin-ITEKA-N-IJAMBO-489.pdf\">Bulletin hebdomadaire Iteka n&rsquo;Ijambo n\u00b0489<\/a><\/p>\n<p><a href=\"https:\/\/ligue-iteka.bi\/wp-content\/uploads\/2025\/08\/Bulletin-ITEKA-N-IJAMBO-488.pdf\">Bulletin hebdomadaire Iteka n&rsquo;Ijambo n\u00b0488<\/a><\/p>\n<p><a href=\"https:\/\/ligue-iteka.bi\/wp-content\/uploads\/2025\/08\/Bulletin-ITEKA-N-IJAMBO-487.pdf\">Bulletin hebdomadaire Iteka n&rsquo;Ijambo n\u00b0487<\/a><\/p>\n<p><a href=\"https:\/\/ligue-iteka.bi\/wp-content\/uploads\/2025\/08\/Bulletin-ITEKA-N-IJAMBO-486.pdf\">Bulletin hebdomadaire Iteka n&rsquo;Ijambo n\u00b0486<\/a><\/p>\n<p><a href=\"https:\/\/ligue-iteka.bi\/wp-content\/uploads\/2025\/08\/Bulletin-ITEKA-N-IJAMBO-485.pdf\">Bulletin hebdomadaire Iteka n&rsquo;Ijambo n\u00b0485<\/a><\/p>\n<p><a href=\"https:\/\/ligue-iteka.bi\/wp-content\/uploads\/2025\/08\/Bulletin-ITEKA-N-IJAMBO-484.pdf\">Bulletin hebdomadaire Iteka n&rsquo;Ijambo n\u00b0484<\/a><\/p>\n<p><a href=\"https:\/\/ligue-iteka.bi\/wp-content\/uploads\/2025\/07\/Bulletin-ITEKA-N-IJAMBO-483.pdf\">Bulletin hebdomadaire Iteka n&rsquo;Ijambo n\u00b0483<\/a><\/p>\n<p><a href=\"https:\/\/ligue-iteka.bi\/wp-content\/uploads\/2025\/07\/Bulletin-ITEKA-N-IJAMBO-482.pdf\">Bulletin hebdomadaire Iteka n&rsquo;Ijambo n\u00b0482<\/a><\/p>\n<p><a href=\"https:\/\/ligue-iteka.bi\/wp-content\/uploads\/2025\/07\/Bulletin-ITEKA-N-IJAMBO-481.pdf\">Bulletin hebdomadaire Iteka n&rsquo;Ijambo n\u00b0481<\/a><\/p>\n<p><a href=\"https:\/\/ligue-iteka.bi\/wp-content\/uploads\/2025\/07\/Bulletin-ITEKA-N-IJAMBO-480.pdf\">Bulletin hebdomadaire Iteka n&rsquo;Ijambo n\u00b0480<\/a><\/p>\n<p><a href=\"https:\/\/ligue-iteka.bi\/wp-content\/uploads\/2025\/06\/Bulletin-ITEKA-N-IJAMBO-479.pdf\">Bulletin hebdomadaire Iteka n&rsquo;Ijambo n\u00b0479<\/a><\/p>\n<p><a href=\"https:\/\/ligue-iteka.bi\/wp-content\/uploads\/2025\/06\/Bulletin-ITEKA-N-IJAMBO-478.pdf\">Bulletin hebdomadaire Iteka n&rsquo;Ijambo n\u00b0478<\/a><\/p>\n<p><a href=\"https:\/\/ligue-iteka.bi\/wp-content\/uploads\/2025\/06\/Bulletin-ITEKA-N-IJAMBO-477.pdf\">Bulletin hebdomadaire Iteka n&rsquo;Ijambo n\u00b0477<\/a><\/p>\n<p><a href=\"https:\/\/ligue-iteka.bi\/wp-content\/uploads\/2025\/06\/Bulletin-ITEKA-N-IJAMBO-476.pdf\">Bulletin hebdomadaire Iteka n&rsquo;Ijambo n\u00b0476<\/a><\/p>\n<p><a href=\"https:\/\/ligue-iteka.bi\/wp-content\/uploads\/2025\/05\/Bulletin-ITEKA-N-IJAMBO-475.pdf\">Bulletin hebdomadaire Iteka n&rsquo;Ijambo n\u00b0475<\/a><\/p>\n<p><a href=\"https:\/\/ligue-iteka.bi\/wp-content\/uploads\/2025\/05\/Bulletin-ITEKA-N-IJAMBO-474.pdf\">Bulletin hebdomadaire Iteka n&rsquo;Ijambo n\u00b0474<\/a><\/p>\n<p><a href=\"https:\/\/ligue-iteka.bi\/wp-content\/uploads\/2025\/05\/Bulletin-ITEKA-N-IJAMBO-473.pdf\">Bulletin hebdomadaire Iteka n&rsquo;Ijambo n\u00b0473<\/a><\/p>\n<p><a href=\"https:\/\/ligue-iteka.bi\/wp-content\/uploads\/2025\/05\/Bulletin-ITEKA-N-IJAMBO-472.pdf\">Bulletin hebdomadaire Iteka n&rsquo;Ijambo n\u00b0472<\/a><\/p>\n<p><a href=\"https:\/\/ligue-iteka.bi\/wp-content\/uploads\/2025\/05\/Bulletin-ITEKA-N-IJAMBO-471.pdf\">Bulletin hebdomadaire Iteka n&rsquo;ijambo n\u00b0 471<\/a><\/p>\n<p><a href=\"https:\/\/ligue-iteka.bi\/wp-content\/uploads\/2025\/04\/Bulletin-ITEKA-N-IJAMBO-470.pdf\">Bulletin hebdomadaire Iteka n&rsquo;ijambo N\u00b0 470<\/a><\/p>\n<p><a href=\"https:\/\/ligue-iteka.bi\/bulletin-hebdomadaire-iteka-nijambo-n469\/\">Bulletin hebdomadaire Iteka n\u2019Ijambo n\u00b0469<\/a><\/p>\n<p><a href=\"https:\/\/ligue-iteka.bi\/bulletin-hebdomadaire-iteka-nijambo-n468\/\">Bulletin hebdomadaire Iteka n\u2019Ijambo n\u00b0468<\/a><\/p>\n<p><a href=\"https:\/\/ligue-iteka.bi\/bulletin-hebdomadaire-iteka-nijambo-n467\/\">Bulletin hebdomadaire Iteka n\u2019Ijambo n\u00b0467<\/a><\/p>\n<p><a href=\"https:\/\/ligue-iteka.bi\/bulletin-hebdomadaire-iteka-nijambo-n466\/\">Bulletin hebdomadaire Iteka n\u2019Ijambo n\u00b0466<\/a><\/p>\n<p><a href=\"https:\/\/ligue-iteka.bi\/wp-content\/uploads\/2025\/03\/Bulletin-ITEKA-N-IJAMBO-465.pdf\">Bulletin hebdomadaire Iteka n&rsquo;Ijambo n\u00b0465<\/a><\/p>\n<p><a href=\"https:\/\/ligue-iteka.bi\/wp-content\/uploads\/2025\/03\/Weekly-bulletin-iteka-n-ijambo-464.pdf\">Bulletin hebdomadaire Iteka n&rsquo;Ijambo n\u00b0464<\/a><\/p>\n<p><a href=\"https:\/\/ligue-iteka.bi\/wp-content\/uploads\/2025\/03\/Bulletin-ITEKA-N-IJAMBO-463.pdf\">Bulletin hebdomadaire Iteka n&rsquo;Ijambo n\u00b0463<\/a><\/p>\n<p><a href=\"https:\/\/ligue-iteka.bi\/wp-content\/uploads\/2025\/02\/Bulletin-ITEKA-N-IJAMBO-462.pdf\">Bulletin hebdomadaire Iteka n&rsquo;Ijambo n\u00b0462<\/a><\/p>\n<p><a href=\"https:\/\/ligue-iteka.bi\/wp-content\/uploads\/2025\/02\/Bulletin-ITEKA-N-IJAMBO-461.pdf\">Bulletin hebdomadaire Iteka n&rsquo;Ijambo n\u00b0461<\/a><\/p>\n<p><a href=\"https:\/\/ligue-iteka.bi\/wp-content\/uploads\/2025\/02\/Bulletin-ITEKA-N-IJAMBO-460.pdf\">Bulletin hebdomadaire Iteka n&rsquo;Ijambo n\u00b0460<\/a><\/p>\n<p><a href=\"https:\/\/ligue-iteka.bi\/wp-content\/uploads\/2025\/02\/Bulletin-ITEKA-N-IJAMBO-459.pdf\">Bulletin hebdomadaire Iteka n&rsquo;Ijambo n\u00b0459<\/a><\/p>\n<p><a href=\"https:\/\/ligue-iteka.bi\/wp-content\/uploads\/2025\/01\/Bulletin-ITEKA-N-IJAMBO-458.pdf\">Bulletin hebdomadaire Iteka n&rsquo;Ijambo n\u00b0458<\/a><\/p>\n<p><a href=\"https:\/\/ligue-iteka.bi\/wp-content\/uploads\/2025\/01\/Bulletin-ITEKA-N-IJAMBO-457.pdf\">Bulletin hebdomadaire Iteka n&rsquo;Ijambo n\u00b0457<\/a><\/p>\n<p><a href=\"https:\/\/ligue-iteka.bi\/wp-content\/uploads\/2025\/01\/Bulletin-ITEKA-N-IJAMBO-456.pdf\">Bulletin hebdomadaire Iteka n&rsquo;Ijambo n\u00b0456<\/a><\/p>\n<p><a href=\"https:\/\/ligue-iteka.bi\/wp-content\/uploads\/2025\/01\/Bulletin-ITEKA-N-IJAMBO-455.pdf\">Bulletin hebdomadaire Iteka n&rsquo;Ijambo n\u00b0455<\/a><\/p>\n<p><a href=\"https:\/\/ligue-iteka.bi\/wp-content\/uploads\/2024\/12\/Bulletin-ITEKA-N-IJAMBO-454.pdf\">Bulletin hebdomadaire Iteka n&rsquo;Ijambo n\u00b0454<\/a><\/p>\n<p><a href=\"https:\/\/ligue-iteka.bi\/wp-content\/uploads\/2024\/12\/Bulletin-ITEKA-N-IJAMBO-453.pdf\">Bulletin hebdomadaire Iteka n&rsquo;Ijambo n\u00b0453<\/a><\/p>\n<p><a href=\"https:\/\/ligue-iteka.bi\/wp-content\/uploads\/2024\/12\/Bulletin-ITEKA-N-IJAMBO-452.pdf\">Bulletin hebdomadaire Iteka n&rsquo;Ijambo n\u00b0452<\/a><\/p>\n<p><a href=\"https:\/\/ligue-iteka.bi\/wp-content\/uploads\/2024\/12\/Bulletin-ITEKA-N-IJAMBO-451.pdf\">Bulletin hebdomadaire Iteka n&rsquo;Ijambo n\u00b0451<\/a><\/p>\n<p><a href=\"https:\/\/ligue-iteka.bi\/wp-content\/uploads\/2024\/12\/Bulletin-ITEKA-N-IJAMBO-450.pdf\">Bulletin hebdomadaire Iteka n&rsquo;Ijambo n\u00b0450<\/a><\/p>\n<p><a href=\"https:\/\/ligue-iteka.bi\/wp-content\/uploads\/2024\/12\/Bulletin-ITEKA-N-IJAMBO-449.pdf\">Bulletin hebdomadaire Iteka n&rsquo;Ijambo n\u00b0449<\/a><\/p>\n<p><a href=\"https:\/\/ligue-iteka.bi\/bulletin-hebdomadaire-iteka-nijambo-n448\/\">Bulletin hebdomadaire Iteka n&rsquo;Ijambo n\u00b0448<\/a><\/p>\n<p><a href=\"https:\/\/ligue-iteka.bi\/bulletin-hebdomadaire-iteka-nijambo-n447\/\">Bulletin hebdomadaire Iteka n&rsquo;Ijambo n\u00b0447<\/a><\/p>\n<p><a href=\"https:\/\/ligue-iteka.bi\/wp-content\/uploads\/2024\/11\/Bulletin-ITEKA-N-IJAMBO-446.pdf\">Bulletin hebdomadaire Iteka n&rsquo;Ijambo n\u00b0446<\/a><\/p>\n<p><a href=\"https:\/\/ligue-iteka.bi\/bulletin-hebdomadaire-iteka-nijambo-n445\/\">Bulletin hebdomadaire Iteka n&rsquo;Ijambo n\u00b0445<\/a><\/p>\n<p><a href=\"https:\/\/ligue-iteka.bi\/bulletin-hebdomadaire-iteka-nijambo-n444\/\">Bulletin hebdomadaire Iteka n&rsquo;Ijambo n\u00b0444<\/a><\/p>\n<p><a href=\"https:\/\/ligue-iteka.bi\/wp-content\/uploads\/2024\/10\/Bulletin-ITEKA-N-IJAMBO-443.pdf\">Bulletin hebdomadaire Iteka n&rsquo;Ijambo n\u00b0443<\/a><\/p>\n<p><a href=\"https:\/\/ligue-iteka.bi\/wp-content\/uploads\/2024\/10\/Bulletin-ITEKA-N-IJAMBO-442.pdf\">Bulletin hebdomadaire Iteka n&rsquo;Ijambo n\u00b0442<\/a><\/p>\n<p><a href=\"https:\/\/ligue-iteka.bi\/wp-content\/uploads\/2024\/10\/Bulletin-ITEKA-N-IJAMBO-441.pdf\">Bulletin hebdomadaire Iteka n&rsquo;Ijambo n\u00b0441<\/a><\/p>\n<p><a href=\"https:\/\/ligue-iteka.bi\/bulletin-hebdomadaire-iteka-nijambo-n440\/\">Bulletin hebdomadaire Iteka n&rsquo;Ijambo n\u00b0440<\/a><\/p>\n<p><a href=\"https:\/\/ligue-iteka.bi\/wp-content\/uploads\/2024\/09\/Bulletin-ITEKA-N-IJAMBO-439.pdf\">Bulletin hebdomadaire Iteka n&rsquo;Ijambo n\u00b0439<\/a><\/p>\n<p><a href=\"https:\/\/ligue-iteka.bi\/bulletin-hebdomadaire-iteka-nijambo-n438\/\">Bulletin hebdomadaire Iteka n&rsquo;Ijambo n\u00b0438<\/a><\/p>\n","protected":false},"excerpt":{"rendered":"<p>LIGUE BURUNDAISE DES DROITS DE L\u2019HOMME \u00ab ITEKA \u00bb Agr\u00e9\u00e9e par l\u2019Ordonnance Minist\u00e9rielle n\u00b0530\/0273 du 10 novembre 1994 revoyant l\u2019ordonnance n\u00b0550\/029 du 6 f\u00e9vrier 1991 \u00ab Est membre de l\u2019Union Interafricaine des Droits de l\u2019Homme et des Peuples (UIDH), est <a class=\"more-link\" href=\"https:\/\/ligue-iteka.bi\/index.php\/rapports\/sur-les-droits-de-lhomme\/rapport-hebdomadaire\/\">Continuer la lecture <span class=\"screen-reader-text\">  Bulletins hebdomadaires<\/span><span class=\"meta-nav\">&rarr;<\/span><\/a><\/p>\n","protected":false},"author":1,"featured_media":0,"parent":67,"menu_order":0,"comment_status":"closed","ping_status":"closed","template":"","meta":{"om_disable_all_campaigns":false,"footnotes":""},"class_list":["post-148","page","type-page","status-publish","hentry"],"_links":{"self":[{"href":"https:\/\/ligue-iteka.bi\/index.php\/wp-json\/wp\/v2\/pages\/148","targetHints":{"allow":["GET"]}}],"collection":[{"href":"https:\/\/ligue-iteka.bi\/index.php\/wp-json\/wp\/v2\/pages"}],"about":[{"href":"https:\/\/ligue-iteka.bi\/index.php\/wp-json\/wp\/v2\/types\/page"}],"author":[{"embeddable":true,"href":"https:\/\/ligue-iteka.bi\/index.php\/wp-json\/wp\/v2\/users\/1"}],"replies":[{"embeddable":true,"href":"https:\/\/ligue-iteka.bi\/index.php\/wp-json\/wp\/v2\/comments?post=148"}],"version-history":[{"count":146,"href":"https:\/\/ligue-iteka.bi\/index.php\/wp-json\/wp\/v2\/pages\/148\/revisions"}],"predecessor-version":[{"id":9301,"href":"https:\/\/ligue-iteka.bi\/index.php\/wp-json\/wp\/v2\/pages\/148\/revisions\/9301"}],"up":[{"embeddable":true,"href":"https:\/\/ligue-iteka.bi\/index.php\/wp-json\/wp\/v2\/pages\/67"}],"wp:attachment":[{"href":"https:\/\/ligue-iteka.bi\/index.php\/wp-json\/wp\/v2\/media?parent=148"}],"curies":[{"name":"wp","href":"https:\/\/api.w.org\/{rel}","templated":true}]}}