{"id":110,"date":"2017-12-12T21:00:34","date_gmt":"2017-12-12T21:00:34","guid":{"rendered":"https:\/\/ligue-iteka.bi\/wordpress\/?page_id=110"},"modified":"2020-03-27T13:53:41","modified_gmt":"2020-03-27T10:53:41","slug":"codes-lois","status":"publish","type":"page","link":"https:\/\/ligue-iteka.bi\/index.php\/codes-lois\/","title":{"rendered":"Codes &#038; Lois"},"content":{"rendered":"<p><a href=\"https:\/\/ligue-iteka.bi\/wp-content\/uploads\/2020\/03\/constitution-du-Burundi-promulguee-le-7-juin-2018.pdf\">CONSTITUTION DE LA R\u00c9PUBLIQUE DU BURUNDI<\/a><\/p>\n<p><a href=\"https:\/\/ligue-iteka.bi\/wp-content\/uploads\/2020\/03\/FEUILLE-DE-ROUTE-VERS-LES-ELECTIONS-DE-2020.pdf\">FEUILLE DE ROUTE DES PARTIS POLITIQUES POUR LES ELECTIONS DE 2020<\/a><\/p>\n<p><a href=\"https:\/\/ligue-iteka.bi\/wp-content\/uploads\/2020\/03\/CODE-ELECTORAL-2019.pdf\">CODE \u00c9LECTORAL DU BURUNDI<\/a><\/p>\n<p><a href=\"https:\/\/ligue-iteka.bi\/wp-content\/uploads\/2020\/03\/CODE-DE-CONDUITE-DES-MEDIAS-ET-DES-JOURNALISTES-ELECTIONS-2020.pdf\">CODE DE CONDUITE DES M\u00c9DIAS ET DES JOURNALISTES POUR LES ELECTIONS DE 2020<\/a><\/p>\n<p>&nbsp;<\/p>\n","protected":false},"excerpt":{"rendered":"<p>CONSTITUTION DE LA R\u00c9PUBLIQUE DU BURUNDI FEUILLE DE ROUTE DES PARTIS POLITIQUES POUR LES ELECTIONS DE 2020 CODE \u00c9LECTORAL DU BURUNDI CODE DE CONDUITE DES M\u00c9DIAS ET DES JOURNALISTES POUR LES ELECTIONS DE 2020 &nbsp;<\/p>\n","protected":false},"author":1,"featured_media":0,"parent":0,"menu_order":0,"comment_status":"closed","ping_status":"closed","template":"","meta":{"om_disable_all_campaigns":false,"footnotes":""},"class_list":["post-110","page","type-page","status-publish","hentry"],"_links":{"self":[{"href":"https:\/\/ligue-iteka.bi\/index.php\/wp-json\/wp\/v2\/pages\/110","targetHints":{"allow":["GET"]}}],"collection":[{"href":"https:\/\/ligue-iteka.bi\/index.php\/wp-json\/wp\/v2\/pages"}],"about":[{"href":"https:\/\/ligue-iteka.bi\/index.php\/wp-json\/wp\/v2\/types\/page"}],"author":[{"embeddable":true,"href":"https:\/\/ligue-iteka.bi\/index.php\/wp-json\/wp\/v2\/users\/1"}],"replies":[{"embeddable":true,"href":"https:\/\/ligue-iteka.bi\/index.php\/wp-json\/wp\/v2\/comments?post=110"}],"version-history":[{"count":12,"href":"https:\/\/ligue-iteka.bi\/index.php\/wp-json\/wp\/v2\/pages\/110\/revisions"}],"predecessor-version":[{"id":1845,"href":"https:\/\/ligue-iteka.bi\/index.php\/wp-json\/wp\/v2\/pages\/110\/revisions\/1845"}],"wp:attachment":[{"href":"https:\/\/ligue-iteka.bi\/index.php\/wp-json\/wp\/v2\/media?parent=110"}],"curies":[{"name":"wp","href":"https:\/\/api.w.org\/{rel}","templated":true}]}}