{"id":108,"date":"2019-10-20T03:19:06","date_gmt":"2019-10-20T00:19:06","guid":{"rendered":"https:\/\/ligue-iteka.bi\/wordpress\/?page_id=108"},"modified":"2023-07-28T11:09:53","modified_gmt":"2023-07-28T08:09:53","slug":"tunyweremugakuza","status":"publish","type":"page","link":"https:\/\/ligue-iteka.bi\/index.php\/tunyweremugakuza\/","title":{"rendered":"Tunywere mu gakuza"},"content":{"rendered":"<p><strong>Lancement d\u2019un programme \u00ab TUNYWERE MU GAKUZA \u00bb pour la sensibilisation et conscientisation de la population Burundaise, en vue de la pr\u00e9vention des conflits et lutte contre l\u2019impunit\u00e9.<\/strong><br \/>\nCompte tenu de la situation difficile que traverse le Burundi, ces douze th\u00e8mes seront d\u00e9velopp\u00e9s sous forme de sketchs audio en s\u00e9ri\u00e9 et diffus\u00e9s \u00e0 travers le site de l\u2019organisation : www.ligue-iteka.bi, facebook : LigueIteka, tweet : @LigueIteka et le whatsap : +256701178261<\/p>\n<p>Ecouter ou T\u00e9l\u00e9charger l&rsquo;\u00e9mission :<a href=\"https:\/\/ligue-iteka.bi\/wp-content\/uploads\/2019\/06\/Tunyweremugakuza-igice-1.mp3\">Tunywere mugakukuza igice 1<\/a><\/p>\n<p>Ecouter ou T\u00e9l\u00e9charger l&rsquo;\u00e9mission : <a href=\"https:\/\/ligue-iteka.bi\/wp-content\/uploads\/2019\/07\/Tunyweremugakuza-igice-2.mp3\">Tunywere mugakuza igice 2<\/a><\/p>\n<p>Ecouter ou T\u00e9l\u00e9charger l&rsquo;\u00e9mission : <a href=\"https:\/\/ligue-iteka.bi\/wp-content\/uploads\/2019\/07\/Tunyweremugakuza-igice-3.mp3\">Tunywere mugakuza igice 3<\/a><\/p>\n<p>Ecouter ou T\u00e9l\u00e9charger l&rsquo;\u00e9mission :<a href=\"https:\/\/ligue-iteka.bi\/wp-content\/uploads\/2019\/07\/Tunyweremugakuza-igice-4.mp3\"> Tunywere mugakuza igice ca 4<\/a><\/p>\n<p>Ecouter ou T\u00e9l\u00e9charger l&rsquo;\u00e9mission : <a href=\"https:\/\/ligue-iteka.bi\/wp-content\/uploads\/2019\/07\/Tunyweremugakuza-igice-5.mp3\">Tunywere mugakuza igice ca 5<\/a><\/p>\n<p>Ecouter ou T\u00e9l\u00e9charger l&rsquo;\u00e9mission : <a href=\"https:\/\/ligue-iteka.bi\/wp-content\/uploads\/2019\/07\/Tunyweremugakuza-igice-6.mp3\">Tunywere mugakuza igice ca 6<\/a><\/p>\n<p>Ecouter ou T\u00e9l\u00e9charger l&rsquo;\u00e9mission : <a href=\"https:\/\/ligue-iteka.bi\/wp-content\/uploads\/2019\/08\/Tunyweremugakuza-igice-7.mp3\">Tunywere mugakuza igice ca 7<\/a><\/p>\n<p>Ecouter ou t\u00e9l\u00e9charger l&rsquo;\u00e9mission : <a href=\"https:\/\/ligue-iteka.bi\/wp-content\/uploads\/2019\/08\/Tunyweremugakuza-igice-8.mp3\">Tunywere mugakuza igice ca 8<\/a><\/p>\n<p>Ecouter ou T\u00e9l\u00e9charger l&rsquo;\u00e9mission : <a href=\"https:\/\/ligue-iteka.bi\/wp-content\/uploads\/2019\/08\/Tunyweremugakuza-igice-9.mp3\">Tunywere mugakuza igice ca 9<\/a><\/p>\n<p>Ecouter ou T\u00e9l\u00e9charger l&rsquo;\u00e9mission: <a href=\"https:\/\/ligue-iteka.bi\/wp-content\/uploads\/2019\/08\/Tunyweremugakuza-igice-10.mp3\">Tunywere mugaku<\/a><a href=\"https:\/\/ligue-iteka.bi\/wp-content\/uploads\/2019\/08\/Tunyweremugakuza-igice-ca-10.mp3\">za igica ca 10<\/a><\/p>\n<p>Ecouter ou T\u00e9l\u00e9charger l&rsquo;\u00e9mission : <a href=\"https:\/\/ligue-iteka.bi\/wp-content\/uploads\/2019\/09\/Tunyweremugakuza-igice-ca-11.mp3\">Tunywere mugakuza igice ca 11<\/a><\/p>\n<p>Ecouter ou T\u00e9l\u00e9charger l&rsquo;\u00e9mission : <a href=\"https:\/\/ligue-iteka.bi\/wp-content\/uploads\/2019\/09\/Tunyweremugakuza-igice-ca-12.mp3\">Tunywere mugakuza igice ca 12<\/a><\/p>\n<p>Ecouter ou T\u00e9l\u00e9charger l&rsquo;\u00e9mission : <a href=\"https:\/\/ligue-iteka.bi\/wp-content\/uploads\/2019\/09\/Tunyweremugakuza-igice-ca-13.mp3\">Tunywere mugakuza igice ca 13<\/a><\/p>\n<p>Ecouter ou T\u00e9l\u00e9charger l&rsquo;\u00e9mission : <a href=\"https:\/\/ligue-iteka.bi\/wp-content\/uploads\/2019\/09\/Tunyweremugakuza-igice-ca-14.mp3\">Tunywere mugakuza igice ca 14<\/a><\/p>\n<p>Ecouter ou T\u00e9l\u00e9charger l&rsquo;\u00e9mission : <a href=\"https:\/\/ligue-iteka.bi\/wp-content\/uploads\/2019\/09\/Tunyweremugakuza-igice-ca-15.mp3\">Tunywere mugakuza igice ca 15<\/a><\/p>\n<p>Ecouter ou T\u00e9l\u00e9charger l&rsquo;\u00e9mission : <a href=\"https:\/\/ligue-iteka.bi\/wp-content\/uploads\/2019\/10\/Tunyweremugakuza-igice-ca-16.mp3\">Tunywere mugakuza igice ca 16<\/a><\/p>\n<p>Ecouter ou T\u00e9l\u00e9charger l&rsquo;\u00e9mission : <a href=\"https:\/\/ligue-iteka.bi\/wp-content\/uploads\/2019\/10\/Tunyweremugakuza-igice-ca-17.mp3\">Tunywere mugakuza igice ca 17<\/a><\/p>\n<p>Ecouter ou t\u00e9l\u00e9charger l&rsquo;\u00e9mission : <a href=\"https:\/\/ligue-iteka.bi\/wp-content\/uploads\/2019\/10\/Tunyweremugakuza-igice-ca-18.mp3\">Tunywere mugakuza igice ca 18<\/a><\/p>\n<p>Ecouter ou t\u00e9l\u00e9charger l&rsquo;\u00e9mission : <a href=\"https:\/\/ligue-iteka.bi\/wp-content\/uploads\/2019\/10\/Tunyweremugakuza-igice-ca-19.mp3\">Tunywere mugakuza igice ca 19<\/a><\/p>\n<p>Ecouter ou t\u00e9l\u00e9charger l&rsquo;\u00e9mission : <a href=\"https:\/\/ligue-iteka.bi\/wp-content\/uploads\/2019\/11\/Tunyweremugakuza-igice-ca-20.mp3\">Tunywere mugakuza igice ca 20<\/a><\/p>\n<p>Ecouter ou t\u00e9l\u00e9charger l&rsquo;\u00e9mission : <a href=\"https:\/\/ligue-iteka.bi\/wp-content\/uploads\/2019\/11\/Tunyweremugakuza-igice-ca-21.mp3\">Tunywere mugakuza igice ca 21<\/a><\/p>\n<p>Ecouter ou t\u00e9l\u00e9charger l&rsquo;\u00e9mission : <a href=\"https:\/\/ligue-iteka.bi\/wp-content\/uploads\/2019\/11\/Tunyweremugakuza-igice-ca-22.mp3\">Tunywere mugakuza igice ca 22<\/a><\/p>\n<p>Ecouter ou t\u00e9l\u00e9charger l&rsquo;\u00e9mission :<a href=\"https:\/\/ligue-iteka.bi\/wp-content\/uploads\/2019\/11\/Tunyweremugakuza-igice-ca-23.mp3\"> Tunywere mugakuza igice ca 23<\/a><\/p>\n<p>Ecouter ou t\u00e9l\u00e9charger l&rsquo;\u00e9mission : <a href=\"https:\/\/ligue-iteka.bi\/wp-content\/uploads\/2019\/11\/Tunyweremugakuza-igice-ca-24.mp3\">Tunywere mugakuza igice ca 24<\/a><\/p>\n<p>Ecouter ou t\u00e9l\u00e9charger l&rsquo;\u00e9mission : <a href=\"https:\/\/ligue-iteka.bi\/wp-content\/uploads\/2019\/12\/Tunyweremugakuza-igice-ca-25.mp3\">Tunywere mugakuza igice ca 25<\/a><\/p>\n<p>Ecouter ou t\u00e9l\u00e9charger l&rsquo;\u00e9mission : <a href=\"https:\/\/ligue-iteka.bi\/wp-content\/uploads\/2019\/12\/Tunyweremugakuza-igice-ca-26.mp3\">Tunywere mugakuza igice ca 26<\/a><\/p>\n<p>Ecouter ou t\u00e9l\u00e9charger l&rsquo;\u00e9mission : <a href=\"https:\/\/ligue-iteka.bi\/wp-content\/uploads\/2019\/12\/Tunyweremugakuza-igice-ca-27.mp3\">Tunywere mugakuza igice ca 27<\/a><\/p>\n<p>Ecouter ou t\u00e9l\u00e9charger l&rsquo;\u00e9mission : <a href=\"https:\/\/ligue-iteka.bi\/wp-content\/uploads\/2020\/01\/Tunyweremugakuza-igice-ca-28.mp3\">Tunywere mugakuza igice ca 28<\/a><\/p>\n<p>Ecouter ou t\u00e9l\u00e9charger l&rsquo;\u00e9mission : <a href=\"https:\/\/ligue-iteka.bi\/wp-content\/uploads\/2020\/01\/Tunyweremugakuza-igice-ca-29.mp3\">Tunywere mugakuza igice ca 29<\/a><\/p>\n<p>Ecouter ou t\u00e9l\u00e9charger l&rsquo;\u00e9mission : <a href=\"https:\/\/ligue-iteka.bi\/wp-content\/uploads\/2020\/01\/Tunyweremugakuza-igice-ca-30.mp3\">Tunywere mugakuza igice ca 30<\/a><\/p>\n<p>Ecouter ou t\u00e9l\u00e9charger l&rsquo;\u00e9mission : <a href=\"https:\/\/ligue-iteka.bi\/wp-content\/uploads\/2020\/02\/Tunyweremugakuza-igice-ca-31.mp3\">Tunywere mugakuza igice ca 31<\/a><\/p>\n<p>Ecouter ou t\u00e9l\u00e9charger l&rsquo;\u00e9mission : <a href=\"https:\/\/ligue-iteka.bi\/wp-content\/uploads\/2020\/02\/Tunyweremugakuza-igice-ca-32.mp3\">Tunywere mugakuza igice ca 32<\/a><\/p>\n<p>Ecouter ou t\u00e9l\u00e9charger l&rsquo;\u00e9mission : <a href=\"https:\/\/ligue-iteka.bi\/wp-content\/uploads\/2020\/02\/Tunyweremugakuza-igice-ca-33.mp3\">Tunywere mugakuza igice ca 33<\/a><\/p>\n<p>Ecouter ou t\u00e9l\u00e9charger l&rsquo;\u00e9mission : <a href=\"https:\/\/ligue-iteka.bi\/wp-content\/uploads\/2020\/02\/Tunyweremugakuza-igice-ca-34.mp3\">Tunywere mugakuza igice ca 34<\/a><\/p>\n<p>Ecouter ou t\u00e9l\u00e9charger l&rsquo;\u00e9mission : <a href=\"https:\/\/ligue-iteka.bi\/wp-content\/uploads\/2020\/03\/Tunyweremugakuza-igice-ca-35.mp3\">Tunywere mugakuza igice ca 35<\/a><\/p>\n<p>Ecouter ou t\u00e9l\u00e9charger l&rsquo;\u00e9mission : <a href=\"https:\/\/ligue-iteka.bi\/wp-content\/uploads\/2020\/03\/Tunyweremugakuza-igice-ca-36.mp3\">Tunywere mugakuza igice ca 36<\/a><\/p>\n<p>Ecouter ou t\u00e9l\u00e9charger l&rsquo;\u00e9mission : <a href=\"https:\/\/ligue-iteka.bi\/wp-content\/uploads\/2020\/03\/Tunyweremugakuza-igice-ca-37.mp3\">Tunywere mugakuza igice ca 37<\/a><\/p>\n<p>Ecouter ou t\u00e9l\u00e9charger l&rsquo;\u00e9mission : <a href=\"https:\/\/ligue-iteka.bi\/wp-content\/uploads\/2020\/03\/Tunyweremugakuza-igice-ca-38.mp4\">Tunywere mugakuza igice ca 38<\/a><\/p>\n<p>Ecouter ou t\u00e9l\u00e9charger l&rsquo;\u00e9mission : <a href=\"https:\/\/ligue-iteka.bi\/wp-content\/uploads\/2020\/03\/Tunyweremugakuza-igice-ca-39.mp3\">Tunywere mugakuza igice ca 39<\/a><\/p>\n<p>Ecouter ou t\u00e9l\u00e9charger l&rsquo;\u00e9mission : <a href=\"https:\/\/ligue-iteka.bi\/wp-content\/uploads\/2020\/04\/Tunyweremugakuza-igice-ca-40.mp4\">Tunywere mu gakuza igice ca 40<\/a><\/p>\n<p>Ecouter ou t\u00e9l\u00e9charger l&rsquo;\u00e9mission : <a href=\"https:\/\/ligue-iteka.bi\/wp-content\/uploads\/2020\/04\/Tunyweremugakuza-igice-ca-41.mp4\">Tunywere mu gakuza igice ca 41<\/a><\/p>\n<p>Ecouter ou t\u00e9l\u00e9charger l&rsquo;\u00e9mission : <a href=\"https:\/\/ligue-iteka.bi\/wp-content\/uploads\/2020\/04\/Tunyweremugakuza-igice-ca-42.mp4\">Tunywere mu gakuza igice ca 42<\/a><\/p>\n<p>Ecouter ou t\u00e9l\u00e9charger l&rsquo;\u00e9mission : <a href=\"https:\/\/ligue-iteka.bi\/wp-content\/uploads\/2020\/04\/Tunyweremugakuza-igice-ca-43.mp3\">Tunywere mu gakuza igice ca 43<\/a><\/p>\n<p>Ecouter ou t\u00e9l\u00e9charger l&rsquo;\u00e9mission : <a href=\"https:\/\/ligue-iteka.bi\/wp-content\/uploads\/2020\/05\/Tunyweremugakuza-igice-ca-44.mp3\">Tunywere mu gakuza igice ca 44<\/a><\/p>\n<p>Ecouter ou t\u00e9l\u00e9charger l&rsquo;\u00e9mission : <a href=\"https:\/\/ligue-iteka.bi\/wp-content\/uploads\/2020\/05\/Tunyweremugakuza-igice-ca-45.mp3\">Tunywere mu gakuza igice ca 45<\/a><\/p>\n<p>Ecouter ou t\u00e9l\u00e9charger l&rsquo;\u00e9mission : <a href=\"https:\/\/ligue-iteka.bi\/wp-content\/uploads\/2020\/05\/Tunyweremugakuza-igice-ca-46.mp3\">Tunywere mu gakuza igice ca 46<\/a><\/p>\n<p>Ecouter ou t\u00e9l\u00e9charger l&rsquo;\u00e9mission : <a href=\"https:\/\/ligue-iteka.bi\/wp-content\/uploads\/2020\/05\/Tunyweremugakuza-igice-ca-47.mp3\">Tunywere mu gakuza igice ca 47<\/a><\/p>\n<p>Ecouter ou t\u00e9l\u00e9charger l&rsquo;\u00e9mission : <a href=\"https:\/\/ligue-iteka.bi\/wp-content\/uploads\/2020\/06\/Tunyweremugakuza-igice-ca-48.mp3\">Tunywere mu gakuza igice ca 48<\/a><\/p>\n<p>Ecouter ou t\u00e9l\u00e9charger l&rsquo;\u00e9mission : <a href=\"https:\/\/ligue-iteka.bi\/wp-content\/uploads\/2020\/06\/Tunyweremugakuza-igice-ca-49.mp3\">Tunywere mu gakuza igice ca 49<\/a><\/p>\n<p>Ecouter ou t\u00e9l\u00e9charger l&rsquo;\u00e9mision : <a href=\"https:\/\/ligue-iteka.bi\/wp-content\/uploads\/2020\/06\/Tunyweremugakuza-igice-ca-50.mp3\">Tunywere mu gakuza igice ca 50<\/a><\/p>\n<p>Ecouter ou t\u00e9l\u00e9charger l&rsquo;\u00e9mission : <a href=\"https:\/\/ligue-iteka.bi\/wp-content\/uploads\/2020\/06\/Tunyweremugakuza-igice-ca-51.mp3\">Tunywere mu gakuza igice ca 51<\/a><\/p>\n<p>Ecouter ou t\u00e9l\u00e9charger l&rsquo;\u00e9mission : <a href=\"https:\/\/ligue-iteka.bi\/wp-content\/uploads\/2020\/07\/Tunyweremugakuza-igice-ca-52.mp3\">Tunywere mu gakuza igice ca 52<\/a><\/p>\n<p>Ecouter ou t\u00e9l\u00e9charger l&rsquo;\u00e9mission : <a href=\"https:\/\/ligue-iteka.bi\/wp-content\/uploads\/2020\/07\/Tunyweremugakuza-igice-ca-53.mp3\">Tunywere mu gakuza igice ca 53<\/a><\/p>\n<p>Ecouter ou t\u00e9l\u00e9charger l&rsquo;\u00e9mission : <a href=\"https:\/\/ligue-iteka.bi\/wp-content\/uploads\/2020\/07\/Tunyweremugakuza-igice-ca-54.mp3\">Tunywere mu gakuza igice ca 54<\/a><\/p>\n<p>Ecouter ou t\u00e9l\u00e9charger l&rsquo;\u00e9mission : <a href=\"https:\/\/ligue-iteka.bi\/wp-content\/uploads\/2020\/07\/Tunyweremugakuza-igice-ca-55.mp3\">Tunywere mu gakuza igice ca 55<\/a><\/p>\n<p>Ecouter ou t\u00e9l\u00e9charger l&rsquo;\u00e9mission : <a href=\"https:\/\/ligue-iteka.bi\/wp-content\/uploads\/2020\/10\/Tunyweremugakuza-igice-ca-56.mp3\">Tunywere mu gakuza igice ca 56<\/a><\/p>\n<p>Ecouter ou t\u00e9l\u00e9charger l&rsquo;\u00e9mission : <a href=\"https:\/\/ligue-iteka.bi\/wp-content\/uploads\/2020\/10\/Tunyweremugakuza-igice-ca-57.mp3\">Tunywere mu gakuza igice ca 57<\/a><\/p>\n<p>Ecouter ou t\u00e9l\u00e9charger l&rsquo;\u00e9mission : <a href=\"https:\/\/ligue-iteka.bi\/wp-content\/uploads\/2020\/10\/Tunyweremugakuza-igice-ca-58.mp3\">Tunywere mu gakuza igice ca 58<\/a><\/p>\n<p>Ecouter ou t\u00e9l\u00e9charger l&rsquo;\u00e9mission : <a href=\"https:\/\/ligue-iteka.bi\/wp-content\/uploads\/2020\/11\/Tunyweremugakuza-igice-ca-59.mp3\">Tunywere mu gakuza igice ca 59<\/a><\/p>\n<p>Ecouter ou t\u00e9l\u00e9charger l&rsquo;\u00e9mission : <a href=\"https:\/\/ligue-iteka.bi\/wp-content\/uploads\/2020\/12\/Tunyweremugakuza-igice-ca-60.mp3\">Tunywere mu gakuza igice ca 60<\/a><\/p>\n<p>Ecouter ou t\u00e9l\u00e9charger l&rsquo;\u00e9mission : <a href=\"https:\/\/ligue-iteka.bi\/wp-content\/uploads\/2020\/12\/Tunyweremugakuza-igice-ca-61.mp3\">Tunywere mu gakuza igice ca 61<\/a><\/p>\n<p>Ecouter ou t\u00e9l\u00e9charger l&rsquo;\u00e9mission : <a href=\"https:\/\/ligue-iteka.bi\/wp-content\/uploads\/2020\/12\/Tunyweremugakiza-igice-ca-62.mp3\">Tunywere mu gakuza igice ca 62<\/a><\/p>\n<p>Ecouter ou t\u00e9l\u00e9charger l&rsquo;\u00e9mission : <a href=\"https:\/\/ligue-iteka.bi\/wp-content\/uploads\/2021\/01\/Tunyweremugakuza-igice-ca-63.mp3\">Tunywere mu gakuza igice ca 63<\/a><\/p>\n<p>Ecouter ou t\u00e9l\u00e9charger l&rsquo;\u00e9mission : <a href=\"https:\/\/ligue-iteka.bi\/wp-content\/uploads\/2021\/01\/Tunyweremugakuza-igice-ca-64.mp3\">Tunywere mu gakuza igice ca 64<\/a><\/p>\n<p>Ecouter ou t\u00e9l\u00e9charger l&rsquo;\u00e9mission : <a href=\"https:\/\/ligue-iteka.bi\/wp-content\/uploads\/2021\/01\/Tunyweremugakuza-igice-ca-65.mp3\">Tunywere mu gakuza igice ca 65<\/a><\/p>\n<p>Ecouter ou t\u00e9l\u00e9charger l&rsquo;\u00e9mission : <a href=\"https:\/\/ligue-iteka.bi\/wp-content\/uploads\/2021\/02\/Tunyweremugakuza-igice-ca-66.mp3\">Tunywere mu gakuza igice ca 66<\/a><\/p>\n<p>Ecouter ou t\u00e9l\u00e9charger l&rsquo;\u00e9mission : <a href=\"https:\/\/ligue-iteka.bi\/wp-content\/uploads\/2021\/02\/Tunyweremugakuza-igice-ca-67.mp3\">Tunywere mu gakuza igice ca 67<\/a><\/p>\n<p>Ecouter ou t\u00e9l\u00e9charger l&rsquo;\u00e9mission : <a href=\"https:\/\/ligue-iteka.bi\/wp-content\/uploads\/2021\/02\/Tunyweremugakuza-igice-ca-68.mp3\">Tunywere mu gakuza igice ca 68<\/a><\/p>\n<p>Ecouter ou t\u00e9l\u00e9charger l&rsquo;\u00e9mission : <a href=\"https:\/\/ligue-iteka.bi\/wp-content\/uploads\/2021\/02\/Tunyweremugakuza-igice-ca-69.mp3\">Tunywere mu gakuza igice ca 69<\/a><\/p>\n<p>Ecouter ou t\u00e9l\u00e9charger l&rsquo;\u00e9mission : <a href=\"https:\/\/ligue-iteka.bi\/wp-content\/uploads\/2021\/03\/Tunyweremugakuza-igice-ca-70.mp3\">Tunywere mu gakuza igice ca 70<\/a><\/p>\n<p>Ecouter ou t\u00e9l\u00e9charger l&rsquo;\u00e9mission : <a href=\"https:\/\/ligue-iteka.bi\/wp-content\/uploads\/2021\/03\/Tunyweremuakuza-igice-ca-71.mp3\">Tunywere mu gakuza igice ca 71<\/a><\/p>\n<p>Ecouter ou t\u00e9l\u00e9charger l&rsquo;\u00e9mission : <a href=\"https:\/\/ligue-iteka.bi\/wp-content\/uploads\/2021\/03\/Tunyweremugakuza-igice-ca-72.mp3\">Tunywere mu gakuza igice ca 72<\/a><\/p>\n<p>Ecouter ou t\u00e9l\u00e9charger l&rsquo;\u00e9mission : <a href=\"https:\/\/ligue-iteka.bi\/wp-content\/uploads\/2021\/03\/Tunyweremugakuza-igice-ca-73.mp3\">Tunywere mu gakuza igice ca 73<\/a><\/p>\n<p>Ecouter ou t\u00e9l\u00e9charger l&rsquo;\u00e9mission : <a href=\"https:\/\/ligue-iteka.bi\/wp-content\/uploads\/2021\/03\/Tunyweremugakuza-igice-ca-74.mp3\">Tunywere mu gakuza igice ca 74<\/a><\/p>\n<p>Ecouter ou t\u00e9l\u00e9charger l&rsquo;\u00e9mission : <a href=\"https:\/\/ligue-iteka.bi\/wp-content\/uploads\/2021\/03\/Tunyweremugakuza-igice-ca-75.mp3\">Tunywere mu gakuza igice ca 75<\/a><\/p>\n<p>Ecouter ou t\u00e9l\u00e9charger l&rsquo;\u00e9mission : <a href=\"https:\/\/ligue-iteka.bi\/wp-content\/uploads\/2021\/04\/Tunyweremugakuza-igice-ca-76.mp3\">Tunywere mu gakuza igice ca 76<\/a><\/p>\n<p>Ecouter ou t\u00e9l\u00e9charger l&rsquo;\u00e9mission : <a href=\"https:\/\/ligue-iteka.bi\/wp-content\/uploads\/2021\/04\/Tunyweremugakuza-igice-ca-77.mp3\">Tunywere mu gakuza igice ca 77<\/a><\/p>\n<p>Ecouter ou t\u00e9l\u00e9charger l&rsquo;\u00e9mission : <a href=\"https:\/\/ligue-iteka.bi\/wp-content\/uploads\/2021\/04\/Tunyweremugakuza-igice-ca-78.mp3\">Tunywere mu gakuza igice ca 78<\/a><\/p>\n<p>Ecouter ou t\u00e9l\u00e9charger l&rsquo;\u00e9mission : <a href=\"https:\/\/ligue-iteka.bi\/wp-content\/uploads\/2021\/05\/Tunyweremugakuza-igice-ca-80.mp3\">Tunywere mu gakuza igice ca 80<\/a><\/p>\n<p>Ecouter ou t\u00e9l\u00e9charger l&rsquo;\u00e9mission : <a href=\"https:\/\/ligue-iteka.bi\/wp-content\/uploads\/2021\/05\/Tunyweremugakuza-igice-ca-81.mp3\">Tunywere mu gakuza igice ca 81<\/a><\/p>\n<p>Ecouter ou t\u00e9l\u00e9charger l&rsquo;\u00e9mission : <a href=\"https:\/\/ligue-iteka.bi\/wp-content\/uploads\/2021\/06\/Tunyweremugakuza-igice-ca-82.mp3\">Tunywere mu gakuza igice ca 82<\/a><\/p>\n<p>Ecouter ou t\u00e9l\u00e9charger l&rsquo;\u00e9mission : <a href=\"https:\/\/ligue-iteka.bi\/wp-content\/uploads\/2021\/06\/Tunyweremugakuza-igice-ca-83.mp3\">Tunywere mu gakuza igice ca 83<\/a><\/p>\n<p>Ecouter ou t\u00e9l\u00e9charger l&rsquo;\u00e9mission : <a href=\"https:\/\/ligue-iteka.bi\/wp-content\/uploads\/2021\/06\/Tunyweremugakuza-igice-ca-84.mp3\">Tunywere mu gakuza igice ca 84<\/a><\/p>\n<p>Ecouter ou t\u00e9l\u00e9charger l&rsquo;\u00e9mission : <a href=\"https:\/\/ligue-iteka.bi\/wp-content\/uploads\/2021\/07\/Tunyweremugakuza-igice-ca-85.mp3\">Tunywere mu gakuza igice ca 85<\/a><\/p>\n<p>Ecouter ou t\u00e9l\u00e9charger l&rsquo;\u00e9mission : <a href=\"https:\/\/ligue-iteka.bi\/wp-content\/uploads\/2021\/07\/Tunyweremugakuza-igice-ca-86.mp3\">Tunywere mu gakuza igice ca 86<\/a><\/p>\n<p>Ecouter ou t\u00e9l\u00e9charger l&rsquo;\u00e9mission : <a href=\"https:\/\/ligue-iteka.bi\/wp-content\/uploads\/2021\/07\/Tunyweremugakuza-igice-ca-87.mp3\">Tunywere mu gakuza igice ca 87<\/a><\/p>\n<p>Ecouter ou t\u00e9l\u00e9charger l&rsquo;\u00e9mission : <a href=\"https:\/\/ligue-iteka.bi\/wp-content\/uploads\/2021\/08\/Tunyweremugakuza-igice-ca-88.mp3\">Tunywere mu gakuza igice ca 88<\/a><\/p>\n<p>Ecouter ou t\u00e9l\u00e9charger l&rsquo;\u00e9mission : <a href=\"https:\/\/ligue-iteka.bi\/wp-content\/uploads\/2021\/08\/Tunyweremugakuza-igice-ca-89.mp3\">Tunywere mu gakuza igice ca 89<\/a><\/p>\n<p>Ecouter ou t\u00e9l\u00e9charger l&rsquo;\u00e9mission : <a href=\"https:\/\/ligue-iteka.bi\/wp-content\/uploads\/2021\/09\/Tunyweremugakuza-igice-ca-90.mp3\">Tunywere mu gakuza igice ca 90<\/a><\/p>\n<p>Ecouter ou t\u00e9l\u00e9charger l&rsquo;\u00e9mission : <a href=\"https:\/\/ligue-iteka.bi\/wp-content\/uploads\/2021\/09\/Tunyweremugakuza-igice-ca-91.mp3\">Tunywere mu gakuza igice ca 91<\/a><\/p>\n<p>Ecouter ou t\u00e9l\u00e9charger l&rsquo;\u00e9mission : <a href=\"https:\/\/ligue-iteka.bi\/wp-content\/uploads\/2021\/09\/Tunyweremugakuza-igice-ca-92.mp3\">Tunywere mu gakuza igice ca 92<\/a><\/p>\n<p>Ecouter ou t\u00e9l\u00e9charger l&rsquo;\u00e9mission : <a href=\"https:\/\/ligue-iteka.bi\/wp-content\/uploads\/2021\/09\/Tunyweremugakuza-igice-ca-93.mp3\">Tunywere mu gakuza igice ca 93<\/a><\/p>\n<p>Ecouter ou t\u00e9l\u00e9charger l&rsquo;\u00e9mission : <a href=\"https:\/\/ligue-iteka.bi\/wp-content\/uploads\/2021\/10\/Tunyweremugakuza-igice-ca-94.mp3\">Tunywere mu gakuza igice ca 94<\/a><\/p>\n<p>Ecouter ou t\u00e9l\u00e9charger l&rsquo;\u00e9mission : <a href=\"https:\/\/ligue-iteka.bi\/wp-content\/uploads\/2021\/10\/Tunyweremugakuza-igice-ca-95.mp3\">Tunywere mu gakuza igice ca 95<\/a><\/p>\n<p>Ecouter ou t\u00e9l\u00e9charger l&rsquo;\u00e9mission : <a href=\"https:\/\/ligue-iteka.bi\/wp-content\/uploads\/2021\/10\/Tunyweremugakuza-igice-ca-96.mp3\">Tunywere mu gakuza igice ca 96<\/a><\/p>\n<p>Ecouter ou t\u00e9l\u00e9charger l&rsquo;\u00e9mission : <a href=\"https:\/\/ligue-iteka.bi\/wp-content\/uploads\/2021\/10\/Tunyweremugakuza-igice-ca-97.mp3\">Tunywere mu gakuza igice ca 97<\/a><\/p>\n<p>Ecouter ou t\u00e9l\u00e9charger l&rsquo;\u00e9mission : <a href=\"https:\/\/ligue-iteka.bi\/wp-content\/uploads\/2021\/10\/Tunyweremugakuza-igice-ca-98.mp3\">Tunywere mu gakuza igice ca 98<\/a><\/p>\n<p>Ecouter ou t\u00e9l\u00e9charger l&rsquo;\u00e9mission : <a href=\"https:\/\/ligue-iteka.bi\/wp-content\/uploads\/2021\/11\/Tunyweremugakuza-igice-ca-99.mp3\">Tunywere mu gakuza igice ca 99<\/a><\/p>\n<p>Ecouter ou t\u00e9l\u00e9charger l&rsquo;\u00e9mission : <a href=\"https:\/\/ligue-iteka.bi\/wp-content\/uploads\/2023\/07\/Sketch_100.mp3\">Tunywere mu gakuza igice ca 100<\/a><\/p>\n<p>Ecouter ou t\u00e9l\u00e9charger l&rsquo;\u00e9mission : <a href=\"https:\/\/ligue-iteka.bi\/wp-content\/uploads\/2023\/07\/Sketch_101.mp3\">Tunywere mu gakuza igice ca 101<\/a><\/p>\n<p>Ecouter ou t\u00e9l\u00e9charger l&rsquo;\u00e9mission : <a href=\"https:\/\/ligue-iteka.bi\/wp-content\/uploads\/2023\/07\/Sketch_102.mp3\">Tunywere mu gakuza igice ca 102<\/a><\/p>\n<p>Ecouter ou t\u00e9l\u00e9charger l&rsquo;\u00e9mission : <a href=\"https:\/\/ligue-iteka.bi\/wp-content\/uploads\/2023\/07\/Sketch_103.mp3\">Tunywere mu gakuza igice ca 103<\/a><\/p>\n","protected":false},"excerpt":{"rendered":"<p>Lancement d\u2019un programme \u00ab TUNYWERE MU GAKUZA \u00bb pour la sensibilisation et conscientisation de la population Burundaise, en vue de la pr\u00e9vention des conflits et lutte contre l\u2019impunit\u00e9. Compte tenu de la situation difficile que traverse le Burundi, ces douze <a class=\"more-link\" href=\"https:\/\/ligue-iteka.bi\/index.php\/tunyweremugakuza\/\">Continuer la lecture <span class=\"screen-reader-text\">  Tunywere mu gakuza<\/span><span class=\"meta-nav\">&rarr;<\/span><\/a><\/p>\n","protected":false},"author":1,"featured_media":0,"parent":0,"menu_order":0,"comment_status":"closed","ping_status":"closed","template":"","meta":{"om_disable_all_campaigns":false,"footnotes":""},"class_list":["post-108","page","type-page","status-publish","hentry"],"_links":{"self":[{"href":"https:\/\/ligue-iteka.bi\/index.php\/wp-json\/wp\/v2\/pages\/108","targetHints":{"allow":["GET"]}}],"collection":[{"href":"https:\/\/ligue-iteka.bi\/index.php\/wp-json\/wp\/v2\/pages"}],"about":[{"href":"https:\/\/ligue-iteka.bi\/index.php\/wp-json\/wp\/v2\/types\/page"}],"author":[{"embeddable":true,"href":"https:\/\/ligue-iteka.bi\/index.php\/wp-json\/wp\/v2\/users\/1"}],"replies":[{"embeddable":true,"href":"https:\/\/ligue-iteka.bi\/index.php\/wp-json\/wp\/v2\/comments?post=108"}],"version-history":[{"count":105,"href":"https:\/\/ligue-iteka.bi\/index.php\/wp-json\/wp\/v2\/pages\/108\/revisions"}],"predecessor-version":[{"id":4236,"href":"https:\/\/ligue-iteka.bi\/index.php\/wp-json\/wp\/v2\/pages\/108\/revisions\/4236"}],"wp:attachment":[{"href":"https:\/\/ligue-iteka.bi\/index.php\/wp-json\/wp\/v2\/media?parent=108"}],"curies":[{"name":"wp","href":"https:\/\/api.w.org\/{rel}","templated":true}]}}