{"id":106,"date":"2017-12-12T20:59:32","date_gmt":"2017-12-12T20:59:32","guid":{"rendered":"https:\/\/ligue-iteka.bi\/wordpress\/?page_id=106"},"modified":"2019-10-01T14:26:22","modified_gmt":"2019-10-01T11:26:22","slug":"documents","status":"publish","type":"page","link":"https:\/\/ligue-iteka.bi\/index.php\/documents\/","title":{"rendered":"Documents"},"content":{"rendered":"<p><a href=\"https:\/\/ligue-iteka.bi\/wp-content\/uploads\/2017\/12\/communiquea.pdf\">Communique de presse \u00a0\u00bb A qui profite cette recrudescence de la criminalit\u00e9?\u00a0\u00bb<\/a><\/p>\n<p>Communiqu\u00e9 de presse \u00a0\u00bb de la transparence dans la nommination des membres des CECI pour les \u00e9lections inclusives<\/p>\n<p><a href=\"https:\/\/ligue-iteka.bi\/wp-content\/uploads\/2017\/12\/communique5.pdf\">Communiqu\u00e9 de presse de la ligue ITEKA inqui\u00e9tudes sur la situation des droits de l\u2019homme \u00e0 la veille des\u00a0 \u00e9lections de 2015<\/a><\/p>\n<p><a href=\"https:\/\/ligue-iteka.bi\/wp-content\/uploads\/2017\/12\/communique3.pdf\">Communiqu\u00e9 de presse sur l&rsquo;assassinat des trois Soeurs Italiennes<\/a><\/p>\n<p><a href=\"https:\/\/ligue-iteka.bi\/wp-content\/uploads\/2017\/12\/communique2.pdf\">Communiqu\u00e9 de presse \u00ab\u00a0Appel au dialogue et au respect des droits et libert\u00e9s fondamentales\u00a0\u00bb<\/a><\/p>\n<p><a href=\"https:\/\/ligue-iteka.bi\/wp-content\/uploads\/2017\/12\/communique1.pdf\">Communiqu\u00e9 de presse sur l&#8217;emprisonnement du Pr\u00e9sident de l&rsquo;APRODH<\/a><\/p>\n<p><a href=\"https:\/\/ligue-iteka.bi\/wp-content\/uploads\/2017\/12\/conference1.pdf\">Conference de presse sur la position de la Ligue ITEKA suite au contexte socio-politique au Burundi<\/a><\/p>\n<p><a href=\"https:\/\/ligue-iteka.bi\/wp-content\/uploads\/2017\/12\/communique0.pdf\">Communiqu\u00e9 sur la violence commise par la police sur des Journalistes en manifestation pacifique du mardi 19 f\u00e9vrier 2013<\/a><\/p>\n<p>&nbsp;<\/p>\n","protected":false},"excerpt":{"rendered":"<p>Communique de presse \u00a0\u00bb A qui profite cette recrudescence de la criminalit\u00e9?\u00a0\u00bb Communiqu\u00e9 de presse \u00a0\u00bb de la transparence dans la nommination des membres des CECI pour les \u00e9lections inclusives Communiqu\u00e9 de presse de la ligue ITEKA inqui\u00e9tudes sur la <a class=\"more-link\" href=\"https:\/\/ligue-iteka.bi\/index.php\/documents\/\">Continuer la lecture <span class=\"screen-reader-text\">  Documents<\/span><span class=\"meta-nav\">&rarr;<\/span><\/a><\/p>\n","protected":false},"author":1,"featured_media":0,"parent":0,"menu_order":0,"comment_status":"closed","ping_status":"closed","template":"","meta":{"om_disable_all_campaigns":false,"footnotes":""},"class_list":["post-106","page","type-page","status-publish","hentry"],"_links":{"self":[{"href":"https:\/\/ligue-iteka.bi\/index.php\/wp-json\/wp\/v2\/pages\/106","targetHints":{"allow":["GET"]}}],"collection":[{"href":"https:\/\/ligue-iteka.bi\/index.php\/wp-json\/wp\/v2\/pages"}],"about":[{"href":"https:\/\/ligue-iteka.bi\/index.php\/wp-json\/wp\/v2\/types\/page"}],"author":[{"embeddable":true,"href":"https:\/\/ligue-iteka.bi\/index.php\/wp-json\/wp\/v2\/users\/1"}],"replies":[{"embeddable":true,"href":"https:\/\/ligue-iteka.bi\/index.php\/wp-json\/wp\/v2\/comments?post=106"}],"version-history":[{"count":6,"href":"https:\/\/ligue-iteka.bi\/index.php\/wp-json\/wp\/v2\/pages\/106\/revisions"}],"predecessor-version":[{"id":1476,"href":"https:\/\/ligue-iteka.bi\/index.php\/wp-json\/wp\/v2\/pages\/106\/revisions\/1476"}],"wp:attachment":[{"href":"https:\/\/ligue-iteka.bi\/index.php\/wp-json\/wp\/v2\/media?parent=106"}],"curies":[{"name":"wp","href":"https:\/\/api.w.org\/{rel}","templated":true}]}}