{"id":8242,"date":"2019-11-30T01:41:10","date_gmt":"2019-11-30T00:41:10","guid":{"rendered":"https:\/\/ligue-iteka.bi\/index.php\/thematic-reports-and-surveys\/"},"modified":"2025-10-13T09:01:28","modified_gmt":"2025-10-13T07:01:28","slug":"thematic-reports-and-surveys","status":"publish","type":"page","link":"https:\/\/ligue-iteka.bi\/en\/index.php\/thematic-reports-and-surveys\/","title":{"rendered":"Thematic Reports and Surveys"},"content":{"rendered":"<p><a href=\"https:\/\/ligue-iteka.bi\/wp-content\/uploads\/2025\/10\/Bimonthly-report-August-to-Septembre-2025.pdf\">BIMONTHLY REPORT &#8220;KU GICANIRO&#8221; AUGUST TO SEPTEMBER 2025<\/a><\/p>\n<p><a href=\"https:\/\/ligue-iteka.bi\/wp-content\/uploads\/2025\/09\/THEMATIC-REPORT-ON-GENDER-BASED-VIOLENCE-JANUARY-AUGUST-2025.pdf\">THEMATIC REPORT ON GENDER BASED VIOLENCE JANUARY TO AUGUST 2025<\/a><\/p>\n<p><a href=\"https:\/\/ligue-iteka.bi\/wp-content\/uploads\/2025\/09\/THEMATIC-REPORT-ON-ENFORCED-DISAPPEARANCES-JANUARY-AUGUST-2025.pdf\">THEMATIC REPORT ON ENFORCED DISAPPEARANCES JANUARY TO AUGUST 2025<\/a><\/p>\n<p><a href=\"https:\/\/ligue-iteka.bi\/wp-content\/uploads\/2025\/08\/BIMONTHLY-REPORT-JUNE-JULY-2025.pdf\">BIMONTHLY REPORT &#8220;KU GICANIRO&#8221; JUNE TO JULY 2025<\/a><\/p>\n<p><a href=\"https:\/\/ligue-iteka.bi\/wp-content\/uploads\/2025\/01\/EDITION-SPECIAL-PROCESSUS-PRE-ELECTORAL-2025.pdf\">SPECIAL EDITION ON THE 2025 PRE-ELECTION PROCESS IN BURUNDI,<br \/>\nDECEMBER 2024.<\/a><\/p>\n<p><a href=\"https:\/\/ligue-iteka.bi\/wp-content\/uploads\/2025\/01\/RAPPORT-DROITS-DE-LA-FEMME-ET-DE-L-ENFANT-2024.pdf\">THEMATIC REPORT ON VIOLATIONS OF WOMEN&#8217;S AND CHILDREN&#8217;S RIGHTS IN BURUNDI, 2024<\/a><\/p>\n<header class=\"entry-header\"><\/header>\n<div class=\"entry-content\">\n<p><a style=\"font-size: 15px; font-weight: 300;\" href=\"https:\/\/ligue-iteka.bi\/wp-content\/uploads\/2024\/09\/CONTRIBUTIONS_FORCEES_ELECTIONS_2025.pdf\">AUTHORITARIANISM OF THE RULING POWER IN BURUNDI FORCED ELECTORAL CONTRIBUTIONS THAT DIVIDE<\/a><\/p>\n<\/div>\n<p><a href=\"https:\/\/ligue-iteka.bi\/wp-content\/uploads\/2024\/06\/LES-DROITS-DE-L-OPPOSITION-ENTRAVES.pdf\">2025-2027 electoral process in Burundi: OPPOSITION RIGHTS HINDERED<\/a><\/p>\n<p><a href=\"https:\/\/ligue-iteka.bi\/wp-content\/uploads\/2023\/09\/Plaidoyer_Reinstallation_refugies_Burundais.pdf\">THE RESETTLEMENT OF BURUNDIAN REFUGEES: A VITAL HUMANITARIAN NEED<\/a><\/p>\n<h2 class=\"entry-title\"><a title=\"Permalink for Investigation report on allegations of illegal or irregular expropriations in Burundi\" href=\"https:\/\/ligue-iteka.bi\/index.php\/2022\/07\/15\/rapport-denquete-sur-les-allegations-dexpropriations-illegales-ou-irregulieres-au-burundi\/\" rel=\"bookmark\">Investigation report on allegations of illegal or irregular expropriations in Burundi<\/a><\/h2>\n<p><a href=\"https:\/\/ligue-iteka.bi\/wp-content\/uploads\/2023\/09\/Trois_ans_au_pouvoir_gestion_des_quotas_ethnique_et_gestion_du_pouvoir_2023.pdf\">Three years in power: How is President Evariste Ndayishimiye&#8217;s administration managing ethnic quotas<br \/>\nand power sharing, established by the Arusha Agreement, within public institutions?<\/a><\/p>\n<h2 class=\"entry-title\"><strong><a title=\"Permalink for Investigation Report on Positions of Responsibility, June 2022\" href=\"https:\/\/ligue-iteka.bi\/index.php\/2022\/06\/19\/rapport-denquete-sur-les-postes-de-responsabilites-de-juin2022\/\" rel=\"bookmark\">Investigation report on positions of responsibility, June 2022<\/a><\/strong><\/h2>\n<h2 class=\"entry-title\"><strong><a title=\"Permalink for Political and ethnic situation in positions of responsibility within the Presidency of the Republic, ministries, and parastatal enterprises in Burundi, 2021\" href=\"https:\/\/ligue-iteka.bi\/index.php\/2021\/03\/26\/situation-politico-ethnique-dans-les-postes-de-responsabilite-au-sein-de-la-presidence-de-la-republique-des-ministeres-et-des-entreprises-para-etatiques-au-burundi-annee-2021\/\" rel=\"bookmark\">Political and ethnic situation in positions of responsibility within the Presidency of the Republic, ministries, and parastatal enterprises in Burundi, 2021<\/a><\/strong><\/h2>\n<h2 class=\"entry-title\"><a title=\"Permalink for Political and ethnic situation in positions of responsibility\" href=\"https:\/\/ligue-iteka.bi\/index.php\/2021\/02\/10\/situation-politico-ethnique-dans-les-postes-de-responsabilite\/\" rel=\"bookmark\">Political and ethnic situation in positions of responsibility<\/a><\/h2>\n<header class=\"entry-header\">\n<h1 class=\"entry-title\">Governance<\/h1>\n<\/header>\n<div class=\"entry-content\">\n<p>Lancement du programme \u00ab <em><strong> KU GICANIRO<\/strong><\/em> \u00bb qui relaie les discours de certains cadres du gouvernement, fait le suivi de sa mise en oeuvre et organise des d\u00e9bats contradictoires.<\/p>\n<p><a href=\"https:\/\/ligue-iteka.bi\/wp-content\/uploads\/2020\/07\/Kugicaniro-mininter-july-2020.mp4\">Kugicaniro \u00bb propos du ministre de l\u2019int\u00e9rieur, de la s\u00e9curit\u00e9 publique et du d\u00e9veloppement communautaire du 17 juillet 2020\u2033<\/a><\/p>\n<p><a href=\"https:\/\/ligue-iteka.bi\/wp-content\/uploads\/2021\/03\/Speech-of-Pr-Evariste-Ndayishimiye-du-5-2-2021.mp4\">Kugicaniro \u00bb discours du Pr\u00e9sident de la R\u00e9publique du Burundi Evariste Ndayishimiye sur la justice lors de la f\u00eate de l\u2019unit\u00e9, en date du 5 f\u00e9vrier 2021\u2033<\/a><\/p>\n<\/div>\n","protected":false},"excerpt":{"rendered":"<p>BIMONTHLY REPORT &#8220;KU GICANIRO&#8221; AUGUST TO SEPTEMBER 2025 THEMATIC REPORT ON GENDER BASED VIOLENCE JANUARY TO AUGUST 2025 THEMATIC REPORT ON ENFORCED DISAPPEARANCES JANUARY TO AUGUST 2025 BIMONTHLY REPORT &#8220;KU GICANIRO&#8221; JUNE TO JULY 2025 SPECIAL EDITION ON THE 2025 <a class=\"more-link\" href=\"https:\/\/ligue-iteka.bi\/en\/index.php\/thematic-reports-and-surveys\/\">Continue reading <span class=\"screen-reader-text\">  Thematic Reports and Surveys<\/span><span class=\"meta-nav\">&rarr;<\/span><\/a><\/p>\n","protected":false},"author":1,"featured_media":0,"parent":0,"menu_order":0,"comment_status":"closed","ping_status":"closed","template":"","meta":{"om_disable_all_campaigns":false,"footnotes":""},"class_list":["post-8242","page","type-page","status-publish","hentry"],"_links":{"self":[{"href":"https:\/\/ligue-iteka.bi\/en\/index.php\/wp-json\/wp\/v2\/pages\/8242","targetHints":{"allow":["GET"]}}],"collection":[{"href":"https:\/\/ligue-iteka.bi\/en\/index.php\/wp-json\/wp\/v2\/pages"}],"about":[{"href":"https:\/\/ligue-iteka.bi\/en\/index.php\/wp-json\/wp\/v2\/types\/page"}],"author":[{"embeddable":true,"href":"https:\/\/ligue-iteka.bi\/en\/index.php\/wp-json\/wp\/v2\/users\/1"}],"replies":[{"embeddable":true,"href":"https:\/\/ligue-iteka.bi\/en\/index.php\/wp-json\/wp\/v2\/comments?post=8242"}],"version-history":[{"count":5,"href":"https:\/\/ligue-iteka.bi\/en\/index.php\/wp-json\/wp\/v2\/pages\/8242\/revisions"}],"predecessor-version":[{"id":8735,"href":"https:\/\/ligue-iteka.bi\/en\/index.php\/wp-json\/wp\/v2\/pages\/8242\/revisions\/8735"}],"wp:attachment":[{"href":"https:\/\/ligue-iteka.bi\/en\/index.php\/wp-json\/wp\/v2\/media?parent=8242"}],"curies":[{"name":"wp","href":"https:\/\/api.w.org\/{rel}","templated":true}]}}